{"id":18410,"date":"2022-01-28T13:45:27","date_gmt":"2022-01-28T13:45:27","guid":{"rendered":"https:\/\/asesoria.informedia.com.es\/?page_id=18410"},"modified":"2024-01-24T16:06:35","modified_gmt":"2024-01-24T16:06:35","slug":"servicios","status":"publish","type":"page","link":"https:\/\/psbgestion.es\/en\/servicios\/","title":{"rendered":"Services"},"content":{"rendered":"<div data-elementor-type=\"wp-page\" data-elementor-id=\"18410\" class=\"elementor elementor-18410\">\n\t\t\t\t\t\t<section class=\"elementor-section elementor-top-section elementor-element elementor-element-706db51 elementor-section-boxed elementor-section-height-default elementor-section-height-default sc_fly_static\" data-id=\"706db51\" data-element_type=\"section\">\n\t\t\t\t\t\t<div class=\"elementor-container elementor-column-gap-extended\">\n\t\t\t\t\t<div class=\"elementor-column elementor-col-100 elementor-top-column elementor-element elementor-element-29333aa sc_inner_width_none sc_content_align_inherit sc_layouts_column_icons_position_left sc_fly_static\" data-id=\"29333aa\" data-element_type=\"column\">\n\t\t\t<div class=\"elementor-widget-wrap elementor-element-populated\">\n\t\t\t\t\t\t<div class=\"elementor-element elementor-element-652387b sc_fly_static elementor-widget elementor-widget-trx_sc_services\" data-id=\"652387b\" data-element_type=\"widget\" data-widget_type=\"trx_sc_services.default\">\n\t\t\t\t<div class=\"elementor-widget-container\">\n\t\t\t\t\t<div class=\"sc_services sc_services_default sc_services_featured_top\"><div class=\"sc_services_columns_wrap sc_item_columns sc_item_posts_container sc_item_columns_3 trx_addons_columns_wrap columns_padding_bottom columns_in_single_row\"><div class=\"trx_addons_column-1_3\"><div data-post-id=\"949\" class=\"sc_services_item sc_item_container post_container with_content with_image sc_services_item_featured_top post-949 cpt_services type-cpt_services status-publish has-post-thumbnail hentry cpt_services_group-creative-ideas\" data-item-number=\"1\"\r\n>\r\n\t<div class=\"post_featured with_thumb hover_link sc_services_item_thumb\"><img fetchpriority=\"high\" decoding=\"async\" width=\"890\" height=\"664\" src=\"https:\/\/psbgestion.es\/wp-content\/uploads\/2020\/04\/fiscal-890x664.png\" class=\"attachment-wealthco-thumb-square size-wealthco-thumb-square wp-post-image\" alt=\"fiscal\" \/>\t\t\t\t\t\t<div class=\"mask\"><\/div>\r\n\t\t\t\t\t\t<a class=\"post_link sc_services_item_link\" href=\"https:\/\/psbgestion.es\/en\/servicio\/fiscalidad\/\"><\/a>\t\t\t<a href=\"https:\/\/psbgestion.es\/en\/servicio\/fiscalidad\/\"  aria-hidden=\"true\" class=\"link\"><\/a>\r\n\t\t\t<\/div>\t\r\n\t<div class=\"sc_services_item_info\">\r\n\t\t\t\t<div class=\"sc_services_item_header\">\r\n\t\t\t\t\t\t<h4 class=\"sc_services_item_title entry-title\"><a href=\"https:\/\/psbgestion.es\/en\/servicio\/fiscalidad\/\">Taxation<\/a><\/h4>\r\n            <div class=\"sc_services_item_subtitle\"><a href=\"https:\/\/psbgestion.es\/en\/services_group\/creative-ideas\/\" title=\"View all posts in Creative Ideas\">Creative Ideas<\/a><\/div>\t\t<\/div>\r\n\t\t                    <div class=\"sc_services_item_content\"><p>La presi\u00f3n fiscal sobre ciudadanos y empresas es cada vez mayor. La complejidad de nuestro sistema tributario no para de crecer. La inseguridad jur\u00eddica en este \u00e1mbito es palpable. Nosotros&hellip;<\/p>\n<\/div><div class=\"sc_services_item_button sc_item_button\">\r\n            <a href=\"https:\/\/psbgestion.es\/en\/servicio\/fiscalidad\/\" class=\"sc_services_item_more_link\">\r\n                <span class=\"link_text\">See more<\/span><span class=\"link_icon\"><\/span>\r\n            <\/a>\r\n            <\/div><\/div>\r\n<\/div>\r\n<\/div><div class=\"trx_addons_column-1_3\"><div data-post-id=\"950\" class=\"sc_services_item sc_item_container post_container with_content with_image sc_services_item_featured_top post-950 cpt_services type-cpt_services status-publish has-post-thumbnail hentry cpt_services_group-creative-ideas\" data-item-number=\"2\"\r\n>\r\n\t<div class=\"post_featured with_thumb hover_link sc_services_item_thumb\"><img decoding=\"async\" width=\"890\" height=\"664\" src=\"https:\/\/psbgestion.es\/wp-content\/uploads\/2020\/04\/contabilidad-890x664.png\" class=\"attachment-wealthco-thumb-square size-wealthco-thumb-square wp-post-image\" alt=\"contabilidad\" \/>\t\t\t\t\t\t<div class=\"mask\"><\/div>\r\n\t\t\t\t\t\t<a class=\"post_link sc_services_item_link\" href=\"https:\/\/psbgestion.es\/en\/servicio\/contabilidad\/\"><\/a>\t\t\t<a href=\"https:\/\/psbgestion.es\/en\/servicio\/contabilidad\/\"  aria-hidden=\"true\" class=\"link\"><\/a>\r\n\t\t\t<\/div>\t\r\n\t<div class=\"sc_services_item_info\">\r\n\t\t\t\t<div class=\"sc_services_item_header\">\r\n\t\t\t\t\t\t<h4 class=\"sc_services_item_title entry-title\"><a href=\"https:\/\/psbgestion.es\/en\/servicio\/contabilidad\/\">Accounting<\/a><\/h4>\r\n            <div class=\"sc_services_item_subtitle\"><a href=\"https:\/\/psbgestion.es\/en\/services_group\/creative-ideas\/\" title=\"View all posts in Creative Ideas\">Creative Ideas<\/a><\/div>\t\t<\/div>\r\n\t\t                    <div class=\"sc_services_item_content\"><p>Una adecuada gesti\u00f3n contable es fundamental, no solamente para cumplir con las obligaciones legales en la materia sino tambi\u00e9n, y no menos importante, para tener la informaci\u00f3n relevante para la&hellip;<\/p>\n<\/div><div class=\"sc_services_item_button sc_item_button\">\r\n            <a href=\"https:\/\/psbgestion.es\/en\/servicio\/contabilidad\/\" class=\"sc_services_item_more_link\">\r\n                <span class=\"link_text\">See more<\/span><span class=\"link_icon\"><\/span>\r\n            <\/a>\r\n            <\/div><\/div>\r\n<\/div>\r\n<\/div><div class=\"trx_addons_column-1_3\"><div data-post-id=\"951\" class=\"sc_services_item sc_item_container post_container with_content with_image sc_services_item_featured_top post-951 cpt_services type-cpt_services status-publish has-post-thumbnail hentry cpt_services_group-creative-ideas\" data-item-number=\"3\"\r\n>\r\n\t<div class=\"post_featured with_thumb hover_link sc_services_item_thumb\"><img decoding=\"async\" width=\"890\" height=\"664\" src=\"https:\/\/psbgestion.es\/wp-content\/uploads\/2020\/04\/laboral-890x664.png\" class=\"attachment-wealthco-thumb-square size-wealthco-thumb-square wp-post-image\" alt=\"laboral\" \/>\t\t\t\t\t\t<div class=\"mask\"><\/div>\r\n\t\t\t\t\t\t<a class=\"post_link sc_services_item_link\" href=\"https:\/\/psbgestion.es\/en\/servicio\/laboral\/\"><\/a>\t\t\t<a href=\"https:\/\/psbgestion.es\/en\/servicio\/laboral\/\"  aria-hidden=\"true\" class=\"link\"><\/a>\r\n\t\t\t<\/div>\t\r\n\t<div class=\"sc_services_item_info\">\r\n\t\t\t\t<div class=\"sc_services_item_header\">\r\n\t\t\t\t\t\t<h4 class=\"sc_services_item_title entry-title\"><a href=\"https:\/\/psbgestion.es\/en\/servicio\/laboral\/\">Labour law<\/a><\/h4>\r\n            <div class=\"sc_services_item_subtitle\"><a href=\"https:\/\/psbgestion.es\/en\/services_group\/creative-ideas\/\" title=\"View all posts in Creative Ideas\">Creative Ideas<\/a><\/div>\t\t<\/div>\r\n\t\t                    <div class=\"sc_services_item_content\"><p>La complejidad de la normativa laboral no es obst\u00e1culo para nosotros. Una adecuada relaci\u00f3n de la empresa con sus trabajadores y con la Administraci\u00f3n es fundamental en las relaciones laborales.&hellip;<\/p>\n<\/div><div class=\"sc_services_item_button sc_item_button\">\r\n            <a href=\"https:\/\/psbgestion.es\/en\/servicio\/laboral\/\" class=\"sc_services_item_more_link\">\r\n                <span class=\"link_text\">See more<\/span><span class=\"link_icon\"><\/span>\r\n            <\/a>\r\n            <\/div><\/div>\r\n<\/div>\r\n<\/div><\/div><\/div>\t\t\t\t<\/div>\n\t\t\t\t<\/div>\n\t\t\t\t\t<\/div>\n\t\t<\/div>\n\t\t\t\t\t<\/div>\n\t\t<\/section>\n\t\t\t\t<section class=\"elementor-section elementor-top-section elementor-element elementor-element-61f22e5 elementor-section-boxed elementor-section-height-default elementor-section-height-default sc_fly_static\" data-id=\"61f22e5\" data-element_type=\"section\">\n\t\t\t\t\t\t<div class=\"elementor-container elementor-column-gap-extended\">\n\t\t\t\t\t<div class=\"elementor-column elementor-col-100 elementor-top-column elementor-element elementor-element-fab5d89 sc_inner_width_none sc_content_align_inherit sc_layouts_column_icons_position_left sc_fly_static\" data-id=\"fab5d89\" data-element_type=\"column\">\n\t\t\t<div class=\"elementor-widget-wrap elementor-element-populated\">\n\t\t\t\t\t\t<div class=\"elementor-element elementor-element-20678ab sc_height_large sc_fly_static elementor-widget elementor-widget-spacer\" data-id=\"20678ab\" data-element_type=\"widget\" data-widget_type=\"spacer.default\">\n\t\t\t\t<div class=\"elementor-widget-container\">\n\t\t\t\t\t\t\t<div class=\"elementor-spacer\">\n\t\t\t<div class=\"elementor-spacer-inner\"><\/div>\n\t\t<\/div>\n\t\t\t\t\t\t<\/div>\n\t\t\t\t<\/div>\n\t\t\t\t<div class=\"elementor-element elementor-element-6e60e70 sc_fly_static elementor-widget elementor-widget-trx_sc_title\" data-id=\"6e60e70\" data-element_type=\"widget\" data-widget_type=\"trx_sc_title.default\">\n\t\t\t\t<div class=\"elementor-widget-container\">\n\t\t\t\t\t<div\t\tclass=\"sc_title sc_title_default\" ><span class=\"sc_item_subtitle sc_title_subtitle sc_align_center sc_item_subtitle_above sc_item_title_style_default\">Nuestro objetivo<\/span><h1 class=\"sc_item_title sc_title_title sc_align_center sc_item_title_style_default sc_item_title_tag sc_typed\"\n\t\t\t><span class=\"sc_item_title_text\">Le ayudamos con el cumplimiento de sus obligaciones <u><span class=\"sc_typed_entry\" data-strings=\"[&quot;contables&quot;,&quot;fiscales&quot;,&quot;laborales&quot;]\" data-loop=\"1\" data-cursor=\"0\" data-cursor-char=\"_\" data-speed=\"6\" data-delay=\"1\">contables<\/span><\/u>.<\/span><\/h1><\/div>\t\t\t\t<\/div>\n\t\t\t\t<\/div>\n\t\t\t\t<div class=\"elementor-element elementor-element-20f06fc sc_fly_static elementor-widget elementor-widget-spacer\" data-id=\"20f06fc\" data-element_type=\"widget\" data-widget_type=\"spacer.default\">\n\t\t\t\t<div class=\"elementor-widget-container\">\n\t\t\t\t\t\t\t<div class=\"elementor-spacer\">\n\t\t\t<div class=\"elementor-spacer-inner\"><\/div>\n\t\t<\/div>\n\t\t\t\t\t\t<\/div>\n\t\t\t\t<\/div>\n\t\t\t\t<div class=\"elementor-element elementor-element-a2534c2 sc_height_large sc_fly_static elementor-widget elementor-widget-spacer\" data-id=\"a2534c2\" data-element_type=\"widget\" data-widget_type=\"spacer.default\">\n\t\t\t\t<div class=\"elementor-widget-container\">\n\t\t\t\t\t\t\t<div class=\"elementor-spacer\">\n\t\t\t<div class=\"elementor-spacer-inner\"><\/div>\n\t\t<\/div>\n\t\t\t\t\t\t<\/div>\n\t\t\t\t<\/div>\n\t\t\t\t\t<\/div>\n\t\t<\/div>\n\t\t\t\t\t<\/div>\n\t\t<\/section>\n\t\t\t\t<section class=\"elementor-section elementor-top-section elementor-element elementor-element-efae517 elementor-section-full_width elementor-section-height-default elementor-section-height-default sc_fly_static\" data-id=\"efae517\" data-element_type=\"section\">\n\t\t\t\t\t\t<div class=\"elementor-container elementor-column-gap-no\">\n\t\t\t\t\t<div class=\"elementor-column elementor-col-100 elementor-top-column elementor-element elementor-element-62ac821 sc_inner_width_none sc_content_align_inherit sc_layouts_column_icons_position_left sc_fly_static\" data-id=\"62ac821\" data-element_type=\"column\">\n\t\t\t<div class=\"elementor-widget-wrap elementor-element-populated\">\n\t\t\t\t\t\t<div class=\"elementor-element elementor-element-3a51336 elementor-widget__width-initial elementor-absolute elementor-widget-tablet__width-initial elementor-widget-mobile__width-initial sc_fly_static elementor-widget elementor-widget-image\" data-id=\"3a51336\" data-element_type=\"widget\" data-settings=\"{&quot;_position&quot;:&quot;absolute&quot;}\" data-widget_type=\"image.default\">\n\t\t\t\t<div class=\"elementor-widget-container\">\n\t\t\t\t\t\t\t\t\t\t\t\t\t\t\t<img decoding=\"async\" src=\"https:\/\/psbgestion.es\/wp-content\/uploads\/2022\/01\/full-width-right.png\" title=\"\" alt=\"\" loading=\"lazy\" \/>\t\t\t\t\t\t\t\t\t\t\t\t\t\t\t<\/div>\n\t\t\t\t<\/div>\n\t\t\t\t<section class=\"elementor-section elementor-inner-section elementor-element elementor-element-dacd350 scheme_dark elementor-section-boxed elementor-section-height-default elementor-section-height-default sc_fly_static\" data-id=\"dacd350\" data-element_type=\"section\" data-settings=\"{&quot;background_background&quot;:&quot;classic&quot;}\">\n\t\t\t\t\t\t\t<div class=\"elementor-background-overlay\"><\/div>\n\t\t\t\t\t\t\t<div class=\"elementor-container elementor-column-gap-extended\">\n\t\t\t\t\t<div class=\"elementor-column elementor-col-100 elementor-inner-column elementor-element elementor-element-ba2a1ab sc_layouts_column_align_center sc_layouts_column sc_inner_width_none sc_content_align_inherit sc_layouts_column_icons_position_left sc_fly_static\" data-id=\"ba2a1ab\" data-element_type=\"column\">\n\t\t\t<div class=\"elementor-widget-wrap elementor-element-populated\">\n\t\t\t\t\t\t<div class=\"elementor-element elementor-element-ed9ce31 sc_height_small sc_layouts_hide_on_tablet sc_layouts_hide_on_mobile sc_fly_static elementor-widget elementor-widget-spacer\" data-id=\"ed9ce31\" data-element_type=\"widget\" data-widget_type=\"spacer.default\">\n\t\t\t\t<div class=\"elementor-widget-container\">\n\t\t\t\t\t\t\t<div class=\"elementor-spacer\">\n\t\t\t<div class=\"elementor-spacer-inner\"><\/div>\n\t\t<\/div>\n\t\t\t\t\t\t<\/div>\n\t\t\t\t<\/div>\n\t\t\t\t<div class=\"elementor-element elementor-element-9b9a0d9 sc_height_large sc_fly_static elementor-widget elementor-widget-spacer\" data-id=\"9b9a0d9\" data-element_type=\"widget\" data-widget_type=\"spacer.default\">\n\t\t\t\t<div class=\"elementor-widget-container\">\n\t\t\t\t\t\t\t<div class=\"elementor-spacer\">\n\t\t\t<div class=\"elementor-spacer-inner\"><\/div>\n\t\t<\/div>\n\t\t\t\t\t\t<\/div>\n\t\t\t\t<\/div>\n\t\t\t\t<div class=\"elementor-element elementor-element-08c95ef sc_fly_static elementor-widget elementor-widget-trx_sc_title\" data-id=\"08c95ef\" data-element_type=\"widget\" data-widget_type=\"trx_sc_title.default\">\n\t\t\t\t<div class=\"elementor-widget-container\">\n\t\t\t\t\t<div\t\tclass=\"sc_title sc_title_default\" ><span class=\"sc_item_subtitle sc_title_subtitle sc_align_center sc_item_subtitle_above sc_item_title_style_default\">We are at your disposal<\/span><h1 class=\"sc_item_title sc_title_title sc_align_center sc_item_title_style_default sc_item_title_tag\"\n\t\t\t><span class=\"sc_item_title_text\">Contact us with no obligation<\/span><\/h1><\/div>\t\t\t\t<\/div>\n\t\t\t\t<\/div>\n\t\t\t\t<div class=\"elementor-element elementor-element-923dd60 sc_fly_static elementor-widget elementor-widget-spacer\" data-id=\"923dd60\" data-element_type=\"widget\" data-widget_type=\"spacer.default\">\n\t\t\t\t<div class=\"elementor-widget-container\">\n\t\t\t\t\t\t\t<div class=\"elementor-spacer\">\n\t\t\t<div class=\"elementor-spacer-inner\"><\/div>\n\t\t<\/div>\n\t\t\t\t\t\t<\/div>\n\t\t\t\t<\/div>\n\t\t\t\t<div class=\"elementor-element elementor-element-d4e7509 sc_fly_static elementor-widget elementor-widget-trx_sc_button\" data-id=\"d4e7509\" data-element_type=\"widget\" data-widget_type=\"trx_sc_button.default\">\n\t\t\t\t<div class=\"elementor-widget-container\">\n\t\t\t\t\t<div\tclass=\"sc_item_button sc_button_wrap\" ><a href=\"https:\/\/psbgestion.es\/en\/contacto\/\" class=\"sc_button sc_button_default sc_button_size_normal sc_button_icon_left\" ><span class=\"sc_button_text\"><span class=\"sc_button_title\">Contact<\/span><\/span><\/a><\/div>\t\t\t\t<\/div>\n\t\t\t\t<\/div>\n\t\t\t\t<div class=\"elementor-element elementor-element-86f6a78 sc_height_huge sc_fly_static elementor-widget elementor-widget-spacer\" data-id=\"86f6a78\" data-element_type=\"widget\" data-widget_type=\"spacer.default\">\n\t\t\t\t<div class=\"elementor-widget-container\">\n\t\t\t\t\t\t\t<div class=\"elementor-spacer\">\n\t\t\t<div class=\"elementor-spacer-inner\"><\/div>\n\t\t<\/div>\n\t\t\t\t\t\t<\/div>\n\t\t\t\t<\/div>\n\t\t\t\t<div class=\"elementor-element elementor-element-2891d0f sc_height_small sc_layouts_hide_on_tablet sc_layouts_hide_on_mobile sc_fly_static elementor-widget elementor-widget-spacer\" data-id=\"2891d0f\" data-element_type=\"widget\" data-widget_type=\"spacer.default\">\n\t\t\t\t<div class=\"elementor-widget-container\">\n\t\t\t\t\t\t\t<div class=\"elementor-spacer\">\n\t\t\t<div class=\"elementor-spacer-inner\"><\/div>\n\t\t<\/div>\n\t\t\t\t\t\t<\/div>\n\t\t\t\t<\/div>\n\t\t\t\t\t<\/div>\n\t\t<\/div>\n\t\t\t\t\t<\/div>\n\t\t<\/section>\n\t\t\t\t\t<\/div>\n\t\t<\/div>\n\t\t\t\t\t<\/div>\n\t\t<\/section>\n\t\t\t\t<\/div>","protected":false},"excerpt":{"rendered":"<p>Control financiero Creative Ideas Lorem ipsum dolor sit amet Ver m\u00e1s Apertura de negocios Creative Ideas Lorem ipsum dolor sit amet Ver m\u00e1s Programa de afiliados Creative Ideas Lorem ipsum&hellip;<\/p>","protected":false},"author":1,"featured_media":0,"parent":0,"menu_order":0,"comment_status":"closed","ping_status":"closed","template":"","meta":{"footnotes":""},"class_list":["post-18410","page","type-page","status-publish","hentry"],"yoast_head":"<!-- This site is optimized with the Yoast SEO plugin v26.2 - https:\/\/yoast.com\/wordpress\/plugins\/seo\/ -->\n<title>Servicios - PSB<\/title>\n<meta name=\"robots\" content=\"index, follow, max-snippet:-1, max-image-preview:large, max-video-preview:-1\" \/>\n<link rel=\"canonical\" href=\"https:\/\/psbgestion.es\/en\/servicios\/\" \/>\n<meta property=\"og:locale\" content=\"en_GB\" \/>\n<meta property=\"og:type\" content=\"article\" \/>\n<meta property=\"og:title\" content=\"Servicios - PSB\" \/>\n<meta property=\"og:description\" content=\"Control financiero Creative Ideas Lorem ipsum dolor sit amet Ver m\u00e1s Apertura de negocios Creative Ideas Lorem ipsum dolor sit amet Ver m\u00e1s Programa de afiliados Creative Ideas Lorem ipsum&hellip;\" \/>\n<meta property=\"og:url\" content=\"https:\/\/psbgestion.es\/en\/servicios\/\" \/>\n<meta property=\"og:site_name\" content=\"PSB\" \/>\n<meta property=\"article:modified_time\" content=\"2024-01-24T16:06:35+00:00\" \/>\n<meta property=\"og:image\" content=\"https:\/\/psbgestion.es\/wp-content\/uploads\/2020\/04\/DSC9687-Mejorado-NR-890x664.jpg\" \/>\n<meta name=\"twitter:card\" content=\"summary_large_image\" \/>\n<meta name=\"twitter:label1\" content=\"Estimated reading time\" \/>\n\t<meta name=\"twitter:data1\" content=\"2 minutes\" \/>\n<script type=\"application\/ld+json\" class=\"yoast-schema-graph\">{\"@context\":\"https:\/\/schema.org\",\"@graph\":[{\"@type\":\"WebPage\",\"@id\":\"https:\/\/psbgestion.es\/servicios\/\",\"url\":\"https:\/\/psbgestion.es\/servicios\/\",\"name\":\"Servicios - PSB\",\"isPartOf\":{\"@id\":\"https:\/\/psbgestion.es\/#website\"},\"primaryImageOfPage\":{\"@id\":\"https:\/\/psbgestion.es\/servicios\/#primaryimage\"},\"image\":{\"@id\":\"https:\/\/psbgestion.es\/servicios\/#primaryimage\"},\"thumbnailUrl\":\"https:\/\/psbgestion.es\/wp-content\/uploads\/2020\/04\/DSC9687-Mejorado-NR-890x664.jpg\",\"datePublished\":\"2022-01-28T13:45:27+00:00\",\"dateModified\":\"2024-01-24T16:06:35+00:00\",\"breadcrumb\":{\"@id\":\"https:\/\/psbgestion.es\/servicios\/#breadcrumb\"},\"inLanguage\":\"en-GB\",\"potentialAction\":[{\"@type\":\"ReadAction\",\"target\":[\"https:\/\/psbgestion.es\/servicios\/\"]}]},{\"@type\":\"ImageObject\",\"inLanguage\":\"en-GB\",\"@id\":\"https:\/\/psbgestion.es\/servicios\/#primaryimage\",\"url\":\"https:\/\/psbgestion.es\/wp-content\/uploads\/2020\/04\/DSC9687-Mejorado-NR-890x664.jpg\",\"contentUrl\":\"https:\/\/psbgestion.es\/wp-content\/uploads\/2020\/04\/DSC9687-Mejorado-NR-890x664.jpg\"},{\"@type\":\"BreadcrumbList\",\"@id\":\"https:\/\/psbgestion.es\/servicios\/#breadcrumb\",\"itemListElement\":[{\"@type\":\"ListItem\",\"position\":1,\"name\":\"Portada\",\"item\":\"https:\/\/psbgestion.es\/\"},{\"@type\":\"ListItem\",\"position\":2,\"name\":\"Servicios\"}]},{\"@type\":\"WebSite\",\"@id\":\"https:\/\/psbgestion.es\/#website\",\"url\":\"https:\/\/psbgestion.es\/\",\"name\":\"PSB\",\"description\":\"Professional Services Bureau\",\"publisher\":{\"@id\":\"https:\/\/psbgestion.es\/#organization\"},\"potentialAction\":[{\"@type\":\"SearchAction\",\"target\":{\"@type\":\"EntryPoint\",\"urlTemplate\":\"https:\/\/psbgestion.es\/?s={search_term_string}\"},\"query-input\":{\"@type\":\"PropertyValueSpecification\",\"valueRequired\":true,\"valueName\":\"search_term_string\"}}],\"inLanguage\":\"en-GB\"},{\"@type\":\"Organization\",\"@id\":\"https:\/\/psbgestion.es\/#organization\",\"name\":\"PSB\",\"url\":\"https:\/\/psbgestion.es\/\",\"logo\":{\"@type\":\"ImageObject\",\"inLanguage\":\"en-GB\",\"@id\":\"https:\/\/psbgestion.es\/#\/schema\/logo\/image\/\",\"url\":\"https:\/\/psbgestion.es\/wp-content\/uploads\/2022\/02\/logo.png\",\"contentUrl\":\"https:\/\/psbgestion.es\/wp-content\/uploads\/2022\/02\/logo.png\",\"width\":422,\"height\":200,\"caption\":\"PSB\"},\"image\":{\"@id\":\"https:\/\/psbgestion.es\/#\/schema\/logo\/image\/\"}}]}<\/script>\n<!-- \/ Yoast SEO plugin. -->","yoast_head_json":{"title":"Servicios - PSB","robots":{"index":"index","follow":"follow","max-snippet":"max-snippet:-1","max-image-preview":"max-image-preview:large","max-video-preview":"max-video-preview:-1"},"canonical":"https:\/\/psbgestion.es\/en\/servicios\/","og_locale":"en_GB","og_type":"article","og_title":"Servicios - PSB","og_description":"Control financiero Creative Ideas Lorem ipsum dolor sit amet Ver m\u00e1s Apertura de negocios Creative Ideas Lorem ipsum dolor sit amet Ver m\u00e1s Programa de afiliados Creative Ideas Lorem ipsum&hellip;","og_url":"https:\/\/psbgestion.es\/en\/servicios\/","og_site_name":"PSB","article_modified_time":"2024-01-24T16:06:35+00:00","og_image":[{"url":"https:\/\/psbgestion.es\/wp-content\/uploads\/2020\/04\/DSC9687-Mejorado-NR-890x664.jpg","type":"","width":"","height":""}],"twitter_card":"summary_large_image","twitter_misc":{"Estimated reading time":"2 minutes"},"schema":{"@context":"https:\/\/schema.org","@graph":[{"@type":"WebPage","@id":"https:\/\/psbgestion.es\/servicios\/","url":"https:\/\/psbgestion.es\/servicios\/","name":"Servicios - PSB","isPartOf":{"@id":"https:\/\/psbgestion.es\/#website"},"primaryImageOfPage":{"@id":"https:\/\/psbgestion.es\/servicios\/#primaryimage"},"image":{"@id":"https:\/\/psbgestion.es\/servicios\/#primaryimage"},"thumbnailUrl":"https:\/\/psbgestion.es\/wp-content\/uploads\/2020\/04\/DSC9687-Mejorado-NR-890x664.jpg","datePublished":"2022-01-28T13:45:27+00:00","dateModified":"2024-01-24T16:06:35+00:00","breadcrumb":{"@id":"https:\/\/psbgestion.es\/servicios\/#breadcrumb"},"inLanguage":"en-GB","potentialAction":[{"@type":"ReadAction","target":["https:\/\/psbgestion.es\/servicios\/"]}]},{"@type":"ImageObject","inLanguage":"en-GB","@id":"https:\/\/psbgestion.es\/servicios\/#primaryimage","url":"https:\/\/psbgestion.es\/wp-content\/uploads\/2020\/04\/DSC9687-Mejorado-NR-890x664.jpg","contentUrl":"https:\/\/psbgestion.es\/wp-content\/uploads\/2020\/04\/DSC9687-Mejorado-NR-890x664.jpg"},{"@type":"BreadcrumbList","@id":"https:\/\/psbgestion.es\/servicios\/#breadcrumb","itemListElement":[{"@type":"ListItem","position":1,"name":"Portada","item":"https:\/\/psbgestion.es\/"},{"@type":"ListItem","position":2,"name":"Servicios"}]},{"@type":"WebSite","@id":"https:\/\/psbgestion.es\/#website","url":"https:\/\/psbgestion.es\/","name":"PSB","description":"Professional Services Bureau","publisher":{"@id":"https:\/\/psbgestion.es\/#organization"},"potentialAction":[{"@type":"SearchAction","target":{"@type":"EntryPoint","urlTemplate":"https:\/\/psbgestion.es\/?s={search_term_string}"},"query-input":{"@type":"PropertyValueSpecification","valueRequired":true,"valueName":"search_term_string"}}],"inLanguage":"en-GB"},{"@type":"Organization","@id":"https:\/\/psbgestion.es\/#organization","name":"PSB","url":"https:\/\/psbgestion.es\/","logo":{"@type":"ImageObject","inLanguage":"en-GB","@id":"https:\/\/psbgestion.es\/#\/schema\/logo\/image\/","url":"https:\/\/psbgestion.es\/wp-content\/uploads\/2022\/02\/logo.png","contentUrl":"https:\/\/psbgestion.es\/wp-content\/uploads\/2022\/02\/logo.png","width":422,"height":200,"caption":"PSB"},"image":{"@id":"https:\/\/psbgestion.es\/#\/schema\/logo\/image\/"}}]}},"_links":{"self":[{"href":"https:\/\/psbgestion.es\/en\/wp-json\/wp\/v2\/pages\/18410","targetHints":{"allow":["GET"]}}],"collection":[{"href":"https:\/\/psbgestion.es\/en\/wp-json\/wp\/v2\/pages"}],"about":[{"href":"https:\/\/psbgestion.es\/en\/wp-json\/wp\/v2\/types\/page"}],"author":[{"embeddable":true,"href":"https:\/\/psbgestion.es\/en\/wp-json\/wp\/v2\/users\/1"}],"replies":[{"embeddable":true,"href":"https:\/\/psbgestion.es\/en\/wp-json\/wp\/v2\/comments?post=18410"}],"version-history":[{"count":22,"href":"https:\/\/psbgestion.es\/en\/wp-json\/wp\/v2\/pages\/18410\/revisions"}],"predecessor-version":[{"id":22847,"href":"https:\/\/psbgestion.es\/en\/wp-json\/wp\/v2\/pages\/18410\/revisions\/22847"}],"wp:attachment":[{"href":"https:\/\/psbgestion.es\/en\/wp-json\/wp\/v2\/media?parent=18410"}],"curies":[{"name":"wp","href":"https:\/\/api.w.org\/{rel}","templated":true}]}}