{"id":18412,"date":"2022-01-28T13:46:00","date_gmt":"2022-01-28T13:46:00","guid":{"rendered":"https:\/\/asesoria.informedia.com.es\/?page_id=18412"},"modified":"2024-02-08T10:33:36","modified_gmt":"2024-02-08T09:33:36","slug":"sobre-nosotros","status":"publish","type":"page","link":"https:\/\/psbgestion.es\/en\/sobre-nosotros\/","title":{"rendered":"About us"},"content":{"rendered":"<div data-elementor-type=\"wp-page\" data-elementor-id=\"18412\" class=\"elementor elementor-18412\">\n\t\t\t\t\t\t<section class=\"elementor-section elementor-top-section elementor-element elementor-element-91dcd2c elementor-section-boxed elementor-section-height-default elementor-section-height-default sc_fly_static\" data-id=\"91dcd2c\" data-element_type=\"section\">\n\t\t\t\t\t\t<div class=\"elementor-container elementor-column-gap-extended\">\n\t\t\t\t\t<div class=\"elementor-column elementor-col-100 elementor-top-column elementor-element elementor-element-001837f sc_inner_width_none sc_content_align_inherit sc_layouts_column_icons_position_left sc_fly_static\" data-id=\"001837f\" data-element_type=\"column\">\n\t\t\t<div class=\"elementor-widget-wrap elementor-element-populated\">\n\t\t\t\t\t\t<div class=\"elementor-element elementor-element-e5f9e7e sc_height_huge sc_fly_static elementor-widget elementor-widget-spacer\" data-id=\"e5f9e7e\" data-element_type=\"widget\" data-widget_type=\"spacer.default\">\n\t\t\t\t<div class=\"elementor-widget-container\">\n\t\t\t\t\t\t\t<div class=\"elementor-spacer\">\n\t\t\t<div class=\"elementor-spacer-inner\"><\/div>\n\t\t<\/div>\n\t\t\t\t\t\t<\/div>\n\t\t\t\t<\/div>\n\t\t\t\t\t<\/div>\n\t\t<\/div>\n\t\t\t\t\t<\/div>\n\t\t<\/section>\n\t\t\t\t<section class=\"elementor-section elementor-top-section elementor-element elementor-element-f6895e0 elementor-section-content-middle elementor-section-boxed elementor-section-height-default elementor-section-height-default sc_fly_static\" data-id=\"f6895e0\" data-element_type=\"section\">\n\t\t\t\t\t\t<div class=\"elementor-container elementor-column-gap-extended\">\n\t\t\t\t\t<div class=\"elementor-column elementor-col-50 elementor-top-column elementor-element elementor-element-4ddefc2 sc_inner_width_none sc_content_align_inherit sc_layouts_column_icons_position_left sc_fly_static\" data-id=\"4ddefc2\" data-element_type=\"column\">\n\t\t\t<div class=\"elementor-widget-wrap elementor-element-populated\">\n\t\t\t\t\t\t<div class=\"elementor-element elementor-element-5f23ebc sc_fly_static elementor-widget elementor-widget-trx_sc_title\" data-id=\"5f23ebc\" data-element_type=\"widget\" data-widget_type=\"trx_sc_title.default\">\n\t\t\t\t<div class=\"elementor-widget-container\">\n\t\t\t\t\t<div\t\tclass=\"sc_title sc_title_default\" ><span class=\"sc_item_subtitle sc_title_subtitle sc_item_subtitle_above sc_item_title_style_default\">What we do<\/span><h1 class=\"sc_item_title sc_title_title sc_item_title_style_default sc_item_title_tag\"\n\t\t\t><span class=\"sc_item_title_text\">Taxation, accounting and labour law<\/span><\/h1><div class=\"sc_item_descr sc_title_descr\"><p>Our reliable, close, and personalised service allows you the peace of mind to focus on your daily life, activities, and business with the confidence that we are looking after your regulatory compliance in these important areas for your company and your family finances.<\/p>\n<\/div><\/div>\t\t\t\t<\/div>\n\t\t\t\t<\/div>\n\t\t\t\t<div class=\"elementor-element elementor-element-66f602e sc_fly_static elementor-widget elementor-widget-spacer\" data-id=\"66f602e\" data-element_type=\"widget\" data-widget_type=\"spacer.default\">\n\t\t\t\t<div class=\"elementor-widget-container\">\n\t\t\t\t\t\t\t<div class=\"elementor-spacer\">\n\t\t\t<div class=\"elementor-spacer-inner\"><\/div>\n\t\t<\/div>\n\t\t\t\t\t\t<\/div>\n\t\t\t\t<\/div>\n\t\t\t\t<div class=\"elementor-element elementor-element-1391c92 sc_height_small sc_layouts_hide_on_tablet sc_fly_static elementor-widget elementor-widget-spacer\" data-id=\"1391c92\" data-element_type=\"widget\" data-widget_type=\"spacer.default\">\n\t\t\t\t<div class=\"elementor-widget-container\">\n\t\t\t\t\t\t\t<div class=\"elementor-spacer\">\n\t\t\t<div class=\"elementor-spacer-inner\"><\/div>\n\t\t<\/div>\n\t\t\t\t\t\t<\/div>\n\t\t\t\t<\/div>\n\t\t\t\t\t<\/div>\n\t\t<\/div>\n\t\t\t\t<div class=\"elementor-column elementor-col-50 elementor-top-column elementor-element elementor-element-ff2b0f3 sc_inner_width_none sc_content_align_inherit sc_layouts_column_icons_position_left sc_fly_static\" data-id=\"ff2b0f3\" data-element_type=\"column\">\n\t\t\t<div class=\"elementor-widget-wrap elementor-element-populated\">\n\t\t\t\t\t\t<section class=\"elementor-section elementor-inner-section elementor-element elementor-element-cbed884 elementor-section-boxed elementor-section-height-default elementor-section-height-default sc_fly_static\" data-id=\"cbed884\" data-element_type=\"section\">\n\t\t\t\t\t\t<div class=\"elementor-container elementor-column-gap-no\">\n\t\t\t\t\t<div class=\"elementor-column elementor-col-50 elementor-inner-column elementor-element elementor-element-0902f87 sc_inner_width_none sc_content_align_inherit sc_layouts_column_icons_position_left sc_fly_static\" data-id=\"0902f87\" data-element_type=\"column\">\n\t\t\t<div class=\"elementor-widget-wrap elementor-element-populated\">\n\t\t\t\t\t\t<div class=\"elementor-element elementor-element-4886031 no-title sc_fly_static elementor-widget elementor-widget-image\" data-id=\"4886031\" data-element_type=\"widget\" data-widget_type=\"image.default\">\n\t\t\t\t<div class=\"elementor-widget-container\">\n\t\t\t\t\t\t\t\t\t\t\t\t\t\t\t<img decoding=\"async\" src=\"https:\/\/psbgestion.es\/wp-content\/uploads\/elementor\/thumbs\/DSC9696-Mejorado-NR-scaled-qgzx79yuhiopob7q1i6chyt8clsjrzj3ithv78br4m.jpg\" title=\"_DSC9696-Mejorado-NR\" alt=\"oficina\" loading=\"lazy\" \/>\t\t\t\t\t\t\t\t\t\t\t\t\t\t\t<\/div>\n\t\t\t\t<\/div>\n\t\t\t\t\t<\/div>\n\t\t<\/div>\n\t\t\t\t<div class=\"elementor-column elementor-col-50 elementor-inner-column elementor-element elementor-element-c98b831 sc_inner_width_none sc_content_align_inherit sc_layouts_column_icons_position_left sc_fly_static\" data-id=\"c98b831\" data-element_type=\"column\">\n\t\t\t<div class=\"elementor-widget-wrap elementor-element-populated\">\n\t\t\t\t\t\t<div class=\"elementor-element elementor-element-9c74d63 no-title sc_fly_static elementor-widget elementor-widget-image\" data-id=\"9c74d63\" data-element_type=\"widget\" data-widget_type=\"image.default\">\n\t\t\t\t<div class=\"elementor-widget-container\">\n\t\t\t\t\t\t\t\t\t\t\t\t\t\t\t<img decoding=\"async\" src=\"https:\/\/psbgestion.es\/wp-content\/uploads\/elementor\/thumbs\/DSC9733-1-scaled-qgzx63o4e78o61cx1gq7s2nznray7pa32sx2u6io9y.jpg\" title=\"_DSC9733\" alt=\"oficina\" loading=\"lazy\" \/>\t\t\t\t\t\t\t\t\t\t\t\t\t\t\t<\/div>\n\t\t\t\t<\/div>\n\t\t\t\t<div class=\"elementor-element elementor-element-9467578 sc_height_huge sc_layouts_hide_on_mobile sc_fly_static elementor-widget elementor-widget-spacer\" data-id=\"9467578\" data-element_type=\"widget\" data-widget_type=\"spacer.default\">\n\t\t\t\t<div class=\"elementor-widget-container\">\n\t\t\t\t\t\t\t<div class=\"elementor-spacer\">\n\t\t\t<div class=\"elementor-spacer-inner\"><\/div>\n\t\t<\/div>\n\t\t\t\t\t\t<\/div>\n\t\t\t\t<\/div>\n\t\t\t\t<div class=\"elementor-element elementor-element-646174d sc_height_small sc_fly_static elementor-widget elementor-widget-spacer\" data-id=\"646174d\" data-element_type=\"widget\" data-widget_type=\"spacer.default\">\n\t\t\t\t<div class=\"elementor-widget-container\">\n\t\t\t\t\t\t\t<div class=\"elementor-spacer\">\n\t\t\t<div class=\"elementor-spacer-inner\"><\/div>\n\t\t<\/div>\n\t\t\t\t\t\t<\/div>\n\t\t\t\t<\/div>\n\t\t\t\t\t<\/div>\n\t\t<\/div>\n\t\t\t\t\t<\/div>\n\t\t<\/section>\n\t\t\t\t\t<\/div>\n\t\t<\/div>\n\t\t\t\t\t<\/div>\n\t\t<\/section>\n\t\t\t\t<section class=\"elementor-section elementor-top-section elementor-element elementor-element-378c7b6 elementor-section-boxed elementor-section-height-default elementor-section-height-default sc_fly_static\" data-id=\"378c7b6\" data-element_type=\"section\">\n\t\t\t\t\t\t<div class=\"elementor-container elementor-column-gap-extended\">\n\t\t\t\t\t<div class=\"elementor-column elementor-col-100 elementor-top-column elementor-element elementor-element-005caf3 sc_inner_width_none sc_content_align_inherit sc_layouts_column_icons_position_left sc_fly_static\" data-id=\"005caf3\" data-element_type=\"column\">\n\t\t\t<div class=\"elementor-widget-wrap elementor-element-populated\">\n\t\t\t\t\t\t<div class=\"elementor-element elementor-element-7674ac8 sc_height_huge sc_fly_static elementor-widget elementor-widget-spacer\" data-id=\"7674ac8\" data-element_type=\"widget\" data-widget_type=\"spacer.default\">\n\t\t\t\t<div class=\"elementor-widget-container\">\n\t\t\t\t\t\t\t<div class=\"elementor-spacer\">\n\t\t\t<div class=\"elementor-spacer-inner\"><\/div>\n\t\t<\/div>\n\t\t\t\t\t\t<\/div>\n\t\t\t\t<\/div>\n\t\t\t\t\t<\/div>\n\t\t<\/div>\n\t\t\t\t\t<\/div>\n\t\t<\/section>\n\t\t\t\t<section class=\"elementor-section elementor-top-section elementor-element elementor-element-add0558 scheme_light elementor-section-boxed elementor-section-height-default elementor-section-height-default sc_fly_static\" data-id=\"add0558\" data-element_type=\"section\" data-settings=\"{&quot;background_background&quot;:&quot;classic&quot;}\">\n\t\t\t\t\t\t<div class=\"elementor-container elementor-column-gap-extended\">\n\t\t\t\t\t<div class=\"elementor-column elementor-col-100 elementor-top-column elementor-element elementor-element-087182b sc_inner_width_none sc_content_align_inherit sc_layouts_column_icons_position_left sc_fly_static\" data-id=\"087182b\" data-element_type=\"column\">\n\t\t\t<div class=\"elementor-widget-wrap elementor-element-populated\">\n\t\t\t\t\t\t<div class=\"elementor-element elementor-element-9748789 sc_fly_static elementor-widget elementor-widget-trx_sc_title\" data-id=\"9748789\" data-element_type=\"widget\" data-widget_type=\"trx_sc_title.default\">\n\t\t\t\t<div class=\"elementor-widget-container\">\n\t\t\t\t\t<div\t\tclass=\"sc_title sc_title_default\" ><span class=\"sc_item_subtitle sc_title_subtitle sc_align_center sc_item_subtitle_above sc_item_title_style_default\">Business services<\/span><h1 class=\"sc_item_title sc_title_title sc_align_center sc_item_title_style_default sc_item_title_tag\"\n\t\t\t><span class=\"sc_item_title_text\">Your results are our top priority<\/span><\/h1><\/div>\t\t\t\t<\/div>\n\t\t\t\t<\/div>\n\t\t\t\t<div class=\"elementor-element elementor-element-cc6f737 scheme_default sc_fly_static elementor-widget elementor-widget-trx_sc_icons\" data-id=\"cc6f737\" data-element_type=\"widget\" data-widget_type=\"trx_sc_icons.default\">\n\t\t\t\t<div class=\"elementor-widget-container\">\n\t\t\t\t\t<div         class=\"sc_icons color_style_link2 scheme_default sc_icons_creative sc_icons_size_large sc_align_center\" ><div class=\"sc_icons_columns_wrap sc_item_columns trx_addons_columns_wrap columns_padding_bottom columns_in_single_row\" ><div class=\"trx_addons_column-1_3\"><div class=\"sc_icons_item with_more\"><div class=\"sc_icons_icon sc_icon_type_ icon-inv-stopwatch\" ><span class=\"sc_icon_type_ icon-inv-stopwatch\"><\/span>                                <div class=\"sc_icons_decoration_bg\"><svg class=\"decor-svg\" xmlns=\"http:\/\/www.w3.org\/2000\/svg\" viewbox=\"0 0 112.77 111.59\">   <path  d=\"M-15315.315-17576.43c31.781-22.219,100.99,5.348,96.1,41.223s-33.781,69.844-71.955,60.957S-15347.095-17554.211-15315.315-17576.43Z\" transform=\"translate(15331.737 17584.408)\"\/> <\/svg><\/div><\/div><div class=\"sc_icons_item_details\"><h4 class=\"sc_icons_item_title\"><span>Planning<\/span><\/h4><div class=\"sc_icons_item_description\"><span>We understand that every business is unique. Our team of experts will collaborate with you to develop a customized plan that aligns with your specific goals and circumstances. Careful planning is the foundation of any successful business.<\/span><\/div><\/div><\/div><\/div><div class=\"trx_addons_column-1_3\"><div class=\"sc_icons_item with_more\"><div class=\"sc_icons_icon sc_icon_type_ icon-inv-target\" ><span class=\"sc_icon_type_ icon-inv-target\"><\/span>                                <div class=\"sc_icons_decoration_bg\"><svg class=\"decor-svg\" xmlns=\"http:\/\/www.w3.org\/2000\/svg\" viewbox=\"0 0 112.77 111.59\">   <path  d=\"M-15315.315-17576.43c31.781-22.219,100.99,5.348,96.1,41.223s-33.781,69.844-71.955,60.957S-15347.095-17554.211-15315.315-17576.43Z\" transform=\"translate(15331.737 17584.408)\"\/> <\/svg><\/div><\/div><div class=\"sc_icons_item_details\"><h4 class=\"sc_icons_item_title\"><span>Objectives<\/span><\/h4><div class=\"sc_icons_item_description\" style=\"color:#020101;\"><span>Establecer metas claras es esencial para el progreso. Trabajamos contigo para definir objetivos espec\u00edficos y medibles que te permitan evaluar el \u00e9xito de tus esfuerzos, y nos aseguramos de que tus objetivos sean alcanzables y significativos.<\/span><\/div><\/div><\/div><\/div><div class=\"trx_addons_column-1_3\"><div class=\"sc_icons_item with_more\"><div class=\"sc_icons_icon sc_icon_type_ icon-inv-strategy_2\" ><span class=\"sc_icon_type_ icon-inv-strategy_2\"><\/span>                                <div class=\"sc_icons_decoration_bg\"><svg class=\"decor-svg\" xmlns=\"http:\/\/www.w3.org\/2000\/svg\" viewbox=\"0 0 112.77 111.59\">   <path  d=\"M-15315.315-17576.43c31.781-22.219,100.99,5.348,96.1,41.223s-33.781,69.844-71.955,60.957S-15347.095-17554.211-15315.315-17576.43Z\" transform=\"translate(15331.737 17584.408)\"\/> <\/svg><\/div><\/div><div class=\"sc_icons_item_details\"><h4 class=\"sc_icons_item_title\"><span>Strategy<\/span><\/h4><div class=\"sc_icons_item_description\"><span>La estrategia es la clave para superar desaf\u00edos y aprovechar oportunidades. Nuestro equipo analizar\u00e1 detalladamente tu situaci\u00f3n, identificar\u00e1 \u00e1reas de mejora y dise\u00f1ar\u00e1 estrategias innovadoras para optimizar tus operaciones. Ya sea en el \u00e1mbito financiero, fiscal o de recursos humanos, te guiaremos hacia soluciones efectivas y sostenibles.<\/span><\/div><\/div><\/div><\/div><\/div><\/div><!-- \/.sc_icons -->\t\t\t\t<\/div>\n\t\t\t\t<\/div>\n\t\t\t\t\t<\/div>\n\t\t<\/div>\n\t\t\t\t\t<\/div>\n\t\t<\/section>\n\t\t\t\t<\/div>","protected":false},"excerpt":{"rendered":"<p>Qu\u00e9 hacemos Asesor\u00eda contable, fiscal y laboral Nuestro servicio de confianza, pr\u00f3ximo y personalizado les permite la tranquilidad de centrarse en su vida cotidiana, actividades y negocios con la confianza&hellip;<\/p>","protected":false},"author":1,"featured_media":0,"parent":0,"menu_order":0,"comment_status":"closed","ping_status":"closed","template":"","meta":{"footnotes":""},"class_list":["post-18412","page","type-page","status-publish","hentry"],"yoast_head":"<!-- This site is optimized with the Yoast SEO plugin v26.2 - https:\/\/yoast.com\/wordpress\/plugins\/seo\/ -->\n<title>Sobre nosotros - PSB<\/title>\n<meta name=\"robots\" content=\"index, follow, max-snippet:-1, max-image-preview:large, max-video-preview:-1\" \/>\n<link rel=\"canonical\" href=\"https:\/\/psbgestion.es\/en\/sobre-nosotros\/\" \/>\n<meta property=\"og:locale\" content=\"en_GB\" \/>\n<meta property=\"og:type\" content=\"article\" \/>\n<meta property=\"og:title\" content=\"Sobre nosotros - PSB\" \/>\n<meta property=\"og:description\" content=\"Qu\u00e9 hacemos Asesor\u00eda contable, fiscal y laboral Nuestro servicio de confianza, pr\u00f3ximo y personalizado les permite la tranquilidad de centrarse en su vida cotidiana, actividades y negocios con la confianza&hellip;\" \/>\n<meta property=\"og:url\" content=\"https:\/\/psbgestion.es\/en\/sobre-nosotros\/\" \/>\n<meta property=\"og:site_name\" content=\"PSB\" \/>\n<meta property=\"article:modified_time\" content=\"2024-02-08T09:33:36+00:00\" \/>\n<meta property=\"og:image\" content=\"https:\/\/psbgestion.es\/wp-content\/uploads\/elementor\/thumbs\/DSC9696-Mejorado-NR-scaled-qgzx79yuhiopob7q1i6chyt8clsjrzj3ithv78br4m.jpg\" \/>\n<meta name=\"twitter:card\" content=\"summary_large_image\" \/>\n<meta name=\"twitter:label1\" content=\"Estimated reading time\" \/>\n\t<meta name=\"twitter:data1\" content=\"2 minutes\" \/>\n<script type=\"application\/ld+json\" class=\"yoast-schema-graph\">{\"@context\":\"https:\/\/schema.org\",\"@graph\":[{\"@type\":\"WebPage\",\"@id\":\"https:\/\/psbgestion.es\/sobre-nosotros\/\",\"url\":\"https:\/\/psbgestion.es\/sobre-nosotros\/\",\"name\":\"Sobre nosotros - PSB\",\"isPartOf\":{\"@id\":\"https:\/\/psbgestion.es\/#website\"},\"primaryImageOfPage\":{\"@id\":\"https:\/\/psbgestion.es\/sobre-nosotros\/#primaryimage\"},\"image\":{\"@id\":\"https:\/\/psbgestion.es\/sobre-nosotros\/#primaryimage\"},\"thumbnailUrl\":\"https:\/\/psbgestion.es\/wp-content\/uploads\/elementor\/thumbs\/DSC9696-Mejorado-NR-scaled-qgzx79yuhiopob7q1i6chyt8clsjrzj3ithv78br4m.jpg\",\"datePublished\":\"2022-01-28T13:46:00+00:00\",\"dateModified\":\"2024-02-08T09:33:36+00:00\",\"breadcrumb\":{\"@id\":\"https:\/\/psbgestion.es\/sobre-nosotros\/#breadcrumb\"},\"inLanguage\":\"en-GB\",\"potentialAction\":[{\"@type\":\"ReadAction\",\"target\":[\"https:\/\/psbgestion.es\/sobre-nosotros\/\"]}]},{\"@type\":\"ImageObject\",\"inLanguage\":\"en-GB\",\"@id\":\"https:\/\/psbgestion.es\/sobre-nosotros\/#primaryimage\",\"url\":\"https:\/\/psbgestion.es\/wp-content\/uploads\/elementor\/thumbs\/DSC9696-Mejorado-NR-scaled-qgzx79yuhiopob7q1i6chyt8clsjrzj3ithv78br4m.jpg\",\"contentUrl\":\"https:\/\/psbgestion.es\/wp-content\/uploads\/elementor\/thumbs\/DSC9696-Mejorado-NR-scaled-qgzx79yuhiopob7q1i6chyt8clsjrzj3ithv78br4m.jpg\"},{\"@type\":\"BreadcrumbList\",\"@id\":\"https:\/\/psbgestion.es\/sobre-nosotros\/#breadcrumb\",\"itemListElement\":[{\"@type\":\"ListItem\",\"position\":1,\"name\":\"Portada\",\"item\":\"https:\/\/psbgestion.es\/\"},{\"@type\":\"ListItem\",\"position\":2,\"name\":\"Sobre nosotros\"}]},{\"@type\":\"WebSite\",\"@id\":\"https:\/\/psbgestion.es\/#website\",\"url\":\"https:\/\/psbgestion.es\/\",\"name\":\"PSB\",\"description\":\"Professional Services Bureau\",\"publisher\":{\"@id\":\"https:\/\/psbgestion.es\/#organization\"},\"potentialAction\":[{\"@type\":\"SearchAction\",\"target\":{\"@type\":\"EntryPoint\",\"urlTemplate\":\"https:\/\/psbgestion.es\/?s={search_term_string}\"},\"query-input\":{\"@type\":\"PropertyValueSpecification\",\"valueRequired\":true,\"valueName\":\"search_term_string\"}}],\"inLanguage\":\"en-GB\"},{\"@type\":\"Organization\",\"@id\":\"https:\/\/psbgestion.es\/#organization\",\"name\":\"PSB\",\"url\":\"https:\/\/psbgestion.es\/\",\"logo\":{\"@type\":\"ImageObject\",\"inLanguage\":\"en-GB\",\"@id\":\"https:\/\/psbgestion.es\/#\/schema\/logo\/image\/\",\"url\":\"https:\/\/psbgestion.es\/wp-content\/uploads\/2022\/02\/logo.png\",\"contentUrl\":\"https:\/\/psbgestion.es\/wp-content\/uploads\/2022\/02\/logo.png\",\"width\":422,\"height\":200,\"caption\":\"PSB\"},\"image\":{\"@id\":\"https:\/\/psbgestion.es\/#\/schema\/logo\/image\/\"}}]}<\/script>\n<!-- \/ Yoast SEO plugin. -->","yoast_head_json":{"title":"Sobre nosotros - PSB","robots":{"index":"index","follow":"follow","max-snippet":"max-snippet:-1","max-image-preview":"max-image-preview:large","max-video-preview":"max-video-preview:-1"},"canonical":"https:\/\/psbgestion.es\/en\/sobre-nosotros\/","og_locale":"en_GB","og_type":"article","og_title":"Sobre nosotros - PSB","og_description":"Qu\u00e9 hacemos Asesor\u00eda contable, fiscal y laboral Nuestro servicio de confianza, pr\u00f3ximo y personalizado les permite la tranquilidad de centrarse en su vida cotidiana, actividades y negocios con la confianza&hellip;","og_url":"https:\/\/psbgestion.es\/en\/sobre-nosotros\/","og_site_name":"PSB","article_modified_time":"2024-02-08T09:33:36+00:00","og_image":[{"url":"https:\/\/psbgestion.es\/wp-content\/uploads\/elementor\/thumbs\/DSC9696-Mejorado-NR-scaled-qgzx79yuhiopob7q1i6chyt8clsjrzj3ithv78br4m.jpg","type":"","width":"","height":""}],"twitter_card":"summary_large_image","twitter_misc":{"Estimated reading time":"2 minutes"},"schema":{"@context":"https:\/\/schema.org","@graph":[{"@type":"WebPage","@id":"https:\/\/psbgestion.es\/sobre-nosotros\/","url":"https:\/\/psbgestion.es\/sobre-nosotros\/","name":"Sobre nosotros - PSB","isPartOf":{"@id":"https:\/\/psbgestion.es\/#website"},"primaryImageOfPage":{"@id":"https:\/\/psbgestion.es\/sobre-nosotros\/#primaryimage"},"image":{"@id":"https:\/\/psbgestion.es\/sobre-nosotros\/#primaryimage"},"thumbnailUrl":"https:\/\/psbgestion.es\/wp-content\/uploads\/elementor\/thumbs\/DSC9696-Mejorado-NR-scaled-qgzx79yuhiopob7q1i6chyt8clsjrzj3ithv78br4m.jpg","datePublished":"2022-01-28T13:46:00+00:00","dateModified":"2024-02-08T09:33:36+00:00","breadcrumb":{"@id":"https:\/\/psbgestion.es\/sobre-nosotros\/#breadcrumb"},"inLanguage":"en-GB","potentialAction":[{"@type":"ReadAction","target":["https:\/\/psbgestion.es\/sobre-nosotros\/"]}]},{"@type":"ImageObject","inLanguage":"en-GB","@id":"https:\/\/psbgestion.es\/sobre-nosotros\/#primaryimage","url":"https:\/\/psbgestion.es\/wp-content\/uploads\/elementor\/thumbs\/DSC9696-Mejorado-NR-scaled-qgzx79yuhiopob7q1i6chyt8clsjrzj3ithv78br4m.jpg","contentUrl":"https:\/\/psbgestion.es\/wp-content\/uploads\/elementor\/thumbs\/DSC9696-Mejorado-NR-scaled-qgzx79yuhiopob7q1i6chyt8clsjrzj3ithv78br4m.jpg"},{"@type":"BreadcrumbList","@id":"https:\/\/psbgestion.es\/sobre-nosotros\/#breadcrumb","itemListElement":[{"@type":"ListItem","position":1,"name":"Portada","item":"https:\/\/psbgestion.es\/"},{"@type":"ListItem","position":2,"name":"Sobre nosotros"}]},{"@type":"WebSite","@id":"https:\/\/psbgestion.es\/#website","url":"https:\/\/psbgestion.es\/","name":"PSB","description":"Professional Services Bureau","publisher":{"@id":"https:\/\/psbgestion.es\/#organization"},"potentialAction":[{"@type":"SearchAction","target":{"@type":"EntryPoint","urlTemplate":"https:\/\/psbgestion.es\/?s={search_term_string}"},"query-input":{"@type":"PropertyValueSpecification","valueRequired":true,"valueName":"search_term_string"}}],"inLanguage":"en-GB"},{"@type":"Organization","@id":"https:\/\/psbgestion.es\/#organization","name":"PSB","url":"https:\/\/psbgestion.es\/","logo":{"@type":"ImageObject","inLanguage":"en-GB","@id":"https:\/\/psbgestion.es\/#\/schema\/logo\/image\/","url":"https:\/\/psbgestion.es\/wp-content\/uploads\/2022\/02\/logo.png","contentUrl":"https:\/\/psbgestion.es\/wp-content\/uploads\/2022\/02\/logo.png","width":422,"height":200,"caption":"PSB"},"image":{"@id":"https:\/\/psbgestion.es\/#\/schema\/logo\/image\/"}}]}},"_links":{"self":[{"href":"https:\/\/psbgestion.es\/en\/wp-json\/wp\/v2\/pages\/18412","targetHints":{"allow":["GET"]}}],"collection":[{"href":"https:\/\/psbgestion.es\/en\/wp-json\/wp\/v2\/pages"}],"about":[{"href":"https:\/\/psbgestion.es\/en\/wp-json\/wp\/v2\/types\/page"}],"author":[{"embeddable":true,"href":"https:\/\/psbgestion.es\/en\/wp-json\/wp\/v2\/users\/1"}],"replies":[{"embeddable":true,"href":"https:\/\/psbgestion.es\/en\/wp-json\/wp\/v2\/comments?post=18412"}],"version-history":[{"count":37,"href":"https:\/\/psbgestion.es\/en\/wp-json\/wp\/v2\/pages\/18412\/revisions"}],"predecessor-version":[{"id":23005,"href":"https:\/\/psbgestion.es\/en\/wp-json\/wp\/v2\/pages\/18412\/revisions\/23005"}],"wp:attachment":[{"href":"https:\/\/psbgestion.es\/en\/wp-json\/wp\/v2\/media?parent=18412"}],"curies":[{"name":"wp","href":"https:\/\/api.w.org\/{rel}","templated":true}]}}