{"id":22916,"date":"2023-12-21T10:00:40","date_gmt":"2023-12-21T10:00:40","guid":{"rendered":"https:\/\/asesoria.informedia.com.es\/?page_id=22916"},"modified":"2024-02-22T13:21:44","modified_gmt":"2024-02-22T12:21:44","slug":"aviso-legal","status":"publish","type":"page","link":"https:\/\/psbgestion.es\/en\/aviso-legal\/","title":{"rendered":"Legal notice"},"content":{"rendered":"<div data-elementor-type=\"wp-page\" data-elementor-id=\"22916\" class=\"elementor elementor-22916\">\n\t\t\t\t\t\t<section class=\"elementor-section elementor-top-section elementor-element elementor-element-6ee9882d elementor-section-boxed elementor-section-height-default elementor-section-height-default sc_fly_static\" data-id=\"6ee9882d\" data-element_type=\"section\">\n\t\t\t\t\t\t<div class=\"elementor-container elementor-column-gap-extended\">\n\t\t\t\t\t<div class=\"elementor-column elementor-col-100 elementor-top-column elementor-element elementor-element-49a4ac86 sc_inner_width_none sc_content_align_inherit sc_layouts_column_icons_position_left sc_fly_static\" data-id=\"49a4ac86\" data-element_type=\"column\">\n\t\t\t<div class=\"elementor-widget-wrap elementor-element-populated\">\n\t\t\t\t\t\t<div class=\"elementor-element elementor-element-115e925f sc_height_huge sc_fly_static elementor-widget elementor-widget-spacer\" data-id=\"115e925f\" data-element_type=\"widget\" data-widget_type=\"spacer.default\">\n\t\t\t\t<div class=\"elementor-widget-container\">\n\t\t\t\t\t\t\t<div class=\"elementor-spacer\">\n\t\t\t<div class=\"elementor-spacer-inner\"><\/div>\n\t\t<\/div>\n\t\t\t\t\t\t<\/div>\n\t\t\t\t<\/div>\n\t\t\t\t\t<\/div>\n\t\t<\/div>\n\t\t\t\t\t<\/div>\n\t\t<\/section>\n\t\t\t\t<section class=\"elementor-section elementor-top-section elementor-element elementor-element-08b8c4b elementor-section-boxed elementor-section-height-default elementor-section-height-default sc_fly_static\" data-id=\"08b8c4b\" data-element_type=\"section\">\n\t\t\t\t\t\t<div class=\"elementor-container elementor-column-gap-extended\">\n\t\t\t\t\t<div class=\"elementor-column elementor-col-100 elementor-top-column elementor-element elementor-element-0563bed sc_inner_width_none sc_content_align_inherit sc_layouts_column_icons_position_left sc_fly_static\" data-id=\"0563bed\" data-element_type=\"column\">\n\t\t\t<div class=\"elementor-widget-wrap elementor-element-populated\">\n\t\t\t\t\t\t<div class=\"elementor-element elementor-element-8422b43 sc_fly_static elementor-widget elementor-widget-text-editor\" data-id=\"8422b43\" data-element_type=\"widget\" data-widget_type=\"text-editor.default\">\n\t\t\t\t<div class=\"elementor-widget-container\">\n\t\t\t\t\t\t\t\t\t<p style=\"text-align: justify;\">El presente Aviso Legal regula las condiciones generales de acceso y utilizaci\u00f3n del sitio web accesible en la direcci\u00f3n URL https:\/\/psbgestion.es (en adelante, el sitio web), que PROFESSIONAL SERVICES BUREAU GEST. EMP. S.L. pone a disposici\u00f3n de los usuarios de Internet.<br \/>La utilizaci\u00f3n del sitio web implica la aceptaci\u00f3n plena y sin reservas de todas y cada una de las disposiciones incluidas en este Aviso Legal. En consecuencia, el usuario del sitio web debe leer atentamente el presente Aviso Legal en cada una de las ocasiones en que se proponga utilizar la web, ya que el texto podr\u00ed\u00ada sufrir modificaciones a criterio del titular de la web, o a causa de un cambio legislativo, jurisprudencial o en la pr\u00e1ctica empresarial.<\/p><h3 style=\"text-align: justify;\">1.- TITULARIDAD DEL SITIO WEB.<\/h3><p style=\"text-align: justify;\">Raz\u00f3n Social de la Empresa: PROFESSIONAL SERVICES BUREAU GEST. EMP. S.L.<br \/>Nombre del titular: EZEQUIEL GARC\u00cdA BERNAB\u00c9<br \/>Domicilio social: CABALLERO DE RODAS,35 A 1\u00ba<br \/>Poblaci\u00f3n: TORREVIEJA<br \/>Provincia: ALICANTE<br \/>C.P.: 03181<br \/>C.I.F.\/D.N.I.: B53471363<br \/>Tel\u00e9fono de contacto: 658887750<br \/>Correo electr\u00f3nico: INFO@PSB.ES<\/p><h3 style=\"text-align: justify;\">2.- OBJETO.<\/h3><p style=\"text-align: justify;\">El sitio web facilita a los usuarios del mismo el acceso a informaci\u00f3n y servicios prestados por PROFESSIONAL SERVICES BUREAU GEST. EMP. S.L. a aquellas personas u organizaciones interesadas en los mismos.<\/p><h3 style=\"text-align: justify;\">3.- ACCESO Y UTILIZACI\u00d3N DE LA WEB.<\/h3><p style=\"text-align: justify;\">3.1.- Car\u00e1cter gratuito del acceso y utilizaci\u00f3n de la web.<br \/>El acceso a la web tiene car\u00e1cter gratuito para los usuarios de la misma.<br \/>3.2.- Registro de usuarios.<br \/>Con car\u00e1cter general el acceso y utilizaci\u00f3n de la web no exige la previa suscripci\u00f3n o registro de los usuarios de la misma.<\/p><h3 style=\"text-align: justify;\">4.- CONTENIDOS DE LA WEB.<\/h3><p style=\"text-align: justify;\">El idioma utilizado por el titular en la web ser\u00e1 el castellano. PROFESSIONAL SERVICES BUREAU GEST. EMP. S.L. no se responsabiliza de la no comprensi\u00f3n o entendimiento del idioma de la web por el usuario, ni de sus consecuencias.<br \/>PROFESSIONAL SERVICES BUREAU GEST. EMP. S.L. podr\u00e1 modificar los contenidos sin previo aviso, as\u00ed\u00ad como suprimir y cambiar \u00e9stos dentro de la web, como la forma en que se accede a \u00e9stos, sin justificaci\u00f3n alguna y libremente, no responsabiliz\u00e1ndose de las consecuencias que los mismos puedan ocasionar a los usuarios.<br \/>Se proh\u00ed\u00adbe el uso de los contenidos de la web para promocionar, contratar o divulgar publicidad o informaci\u00f3n propia o de terceras personas sin la autorizaci\u00f3n de PROFESSIONAL SERVICES BUREAU GEST. EMP. S.L., ni remitir publicidad o informaci\u00f3n vali\u00e9ndose para ello de los servicios o informaci\u00f3n que se ponen a disposici\u00f3n de los usuarios, independientemente de si la utilizaci\u00f3n es gratuita o no.<br \/>Los enlaces o hiperenlaces que incorporen terceros en sus p\u00e1ginas web, dirigidos a esta web, ser\u00e1n para la apertura de la p\u00e1gina web completa, no pudiendo manifestar, directa o indirectamente, indicaciones falsas, inexactas o confusas, ni incurrir en acciones desleales o il\u00ed\u00adcitas en contra de PROFESSIONAL SERVICES BUREAU GEST. EMP. S.L.<\/p><h3 style=\"text-align: justify;\">5.- LIMITACI\u00d3N DE RESPONSABILIDAD.<\/h3><p style=\"text-align: justify;\">Tanto el acceso a la web como el uso inconsentido que pueda efectuarse de la informaci\u00f3n contenida en la misma es de la exclusiva responsabilidad de quien lo realiza. PROFESSIONAL SERVICES BUREAU GEST. EMP. S.L. no responder\u00e1 de ninguna consecuencia, da\u00f1o o perjuicio que pudieran derivarse de dicho acceso o uso. PROFESSIONAL SERVICES BUREAU GEST. EMP. S.L. no se hace responsable de los errores de seguridad, que se puedan producir ni de los da\u00f1os que puedan causarse al sistema inform\u00e1tico del usuario (hardware y software), o a los ficheros o documentos almacenados en el mismo, como consecuencia de:<br \/>&#8211; la presencia de un virus en el ordenador del usuario que sea utilizado para la conexi\u00f3n a los servicios y contenidos de la web,<br \/>&#8211; un mal funcionamiento del navegador,<br \/>&#8211; y\/o del uso de versiones no actualizadas del mismo.<br \/>PROFESSIONAL SERVICES BUREAU GEST. EMP. S.L. no se hace responsable de la fiabilidad y rapidez de los hiperenlaces que se incorporen en la web para la apertura de otras. PROFESSIONAL SERVICES BUREAU GEST. EMP. S.L. no garantiza la utilidad de estos enlaces, ni se responsabiliza de los contenidos o servicios a los que pueda acceder el usuario por medio de estos enlaces, ni del buen funcionamiento de estas webs.<br \/>PROFESSIONAL SERVICES BUREAU GEST. EMP. S.L. no ser\u00e1 responsable de los virus o dem\u00e1s programas inform\u00e1ticos que deterioren o puedan deteriorar los sistemas o equipos inform\u00e1ticos de los usuarios al acceder a su web u otras webs a las que se haya accedido mediante enlaces de esta web.<\/p><h3 style=\"text-align: justify;\">6.- EMPLEO DE LA TECNOLOG\u00cdA \u00abCOOKIE\u00bb.<\/h3><p style=\"text-align: justify;\">La web emplea cookies, puede consultar nuestra Pol\u00ed\u00adtica de Cookies, que respeta en todo momento la confidencialidad e intimidad del mismo.<\/p><h3 style=\"text-align: justify;\">7.- PROPIEDAD INTELECTUAL E INDUSTRIAL.<\/h3><p style=\"text-align: justify;\">Son propiedad de PROFESSIONAL SERVICES BUREAU GEST. EMP. S.L., todos los derechos de propiedad industrial e intelectual de la web, as\u00ed\u00ad como de los contenidos que alberga. Cualquier uso de la web o sus contenidos deber\u00e1 tener un car\u00e1cter exclusivamente particular. Est\u00e1 reservado exclusivamente a PROFESSIONAL SERVICES BUREAU GEST. EMP. S.L., cualquier otro uso que suponga la copia, reproducci\u00f3n, distribuci\u00f3n, transformaci\u00f3n, comunicaci\u00f3n p\u00fablica o cualquier otra acci\u00f3n similar, de todo o parte de los contenidos de la web, por lo que ning\u00fan usuario podr\u00e1 llevar a cabo estas acciones sin la autorizaci\u00f3n previa y por escrito de PROFESSIONAL SERVICES BUREAU GEST. EMP. S.L.<\/p><h3 style=\"text-align: justify;\">8.- POL\u00cdTICA DE PRIVACIDAD Y PROTECCION DE DATOS<\/h3><p style=\"text-align: justify;\">PROFESSIONAL SERVICES BUREAU GEST. EMP. S.L. garantiza la protecci\u00f3n y confidencialidad de los datos personales, de cualquier tipo que nos proporcionen nuestras empresas clientes de acuerdo con lo dispuesto en la Ley Org\u00e1nica 3\/2018 de 5 de diciembre (BOE del 06-12-2018) de Protecci\u00f3n de Datos Personales y garant\u00eda de los derechos digitales.<br \/>Todos los datos facilitados por nuestras empresas clientes a PROFESSIONAL SERVICES BUREAU GEST. EMP. S.L. o a su personal, ser\u00e1n incluidos en un fichero automatizado de datos de car\u00e1cter personal creado y mantenido bajo la responsabilidad de PROFESSIONAL SERVICES BUREAU GEST. EMP. S.L., imprescindibles para prestar los servicios solicitados por los usuarios.<br \/>Los datos facilitados ser\u00e1n tratados seg\u00fan el Reglamento General de Protecci\u00f3n de Datos, Reglamento UE 216\/679 del Parlamento Europeo y del Consejo de 27 de abril de 2016, en este sentido PROFESSIONAL SERVICES BUREAU GEST. EMP. S.L. ha adoptado los niveles de protecci\u00f3n que legalmente se exigen, y ha instalado todas las medidas t\u00e9cnicas a su alcance para evitar la perdida, mal uso, alteraci\u00f3n, acceso no autorizado por terceros. No obstante, el usuario debe ser consciente de que las medidas de seguridad en Internet no son inexpugnables. En caso en que considere oportuno que se cedan sus datos de car\u00e1cter personal a otras entidades, el usuario ser\u00e1 informado de los datos cedidos, de la finalidad del fichero y del nombre y direcci\u00f3n del cesionario, para que de su consentimiento inequ\u00ed\u00advoco al respecto.<br \/>En cumplimiento de lo establecido en la RGPD, el usuario podr\u00e1 ejercer sus derechos de acceso, rectificaci\u00f3n, cancelaci\u00f3n y oposici\u00f3n. Para ello debe de contactar con nosotros en INFO@PSB.ES<\/p><h3 style=\"text-align: justify;\">9.- LEGISLACI\u00d3N APLICABLE Y JURISDICCI\u00d3N COMPETENTE.<\/h3><p style=\"text-align: justify;\">El presente Aviso Legal se interpretar\u00e1 y regir\u00e1 de conformidad con la legislaci\u00f3n espa\u00f1ola. PROFESSIONAL SERVICES BUREAU GEST. EMP. S.L. y los usuarios, con renuncia expresa a cualquier otro fuero que pudiera corresponderles, se someten al de los juzgados y tribunales del domicilio del usuario para cualquier controversia que pudiera derivarse del acceso o uso de la web. En el caso de que el usuario tenga su domicilio fuera de Espa\u00f1a, PROFESSIONAL SERVICES BUREAU GEST. EMP. S.L. y el usuario, se someten, con renuncia expresa a cualquier otro fuero, a los juzgados y tribunales del domicilio de PROFESSIONAL SERVICES BUREAU GEST. EMP. S.L.<\/p>\t\t\t\t\t\t\t\t<\/div>\n\t\t\t\t<\/div>\n\t\t\t\t\t<\/div>\n\t\t<\/div>\n\t\t\t\t\t<\/div>\n\t\t<\/section>\n\t\t\t\t<section class=\"elementor-section elementor-top-section elementor-element elementor-element-562b162 elementor-section-boxed elementor-section-height-default elementor-section-height-default sc_fly_static\" data-id=\"562b162\" data-element_type=\"section\">\n\t\t\t\t\t\t<div class=\"elementor-container elementor-column-gap-extended\">\n\t\t\t\t\t<div class=\"elementor-column elementor-col-100 elementor-top-column elementor-element elementor-element-1112dc2 sc_inner_width_none sc_content_align_inherit sc_layouts_column_icons_position_left sc_fly_static\" data-id=\"1112dc2\" data-element_type=\"column\">\n\t\t\t<div class=\"elementor-widget-wrap elementor-element-populated\">\n\t\t\t\t\t\t<div class=\"elementor-element elementor-element-c75a5df sc_fly_static elementor-widget elementor-widget-spacer\" data-id=\"c75a5df\" data-element_type=\"widget\" data-widget_type=\"spacer.default\">\n\t\t\t\t<div class=\"elementor-widget-container\">\n\t\t\t\t\t\t\t<div class=\"elementor-spacer\">\n\t\t\t<div class=\"elementor-spacer-inner\"><\/div>\n\t\t<\/div>\n\t\t\t\t\t\t<\/div>\n\t\t\t\t<\/div>\n\t\t\t\t\t<\/div>\n\t\t<\/div>\n\t\t\t\t\t<\/div>\n\t\t<\/section>\n\t\t\t\t<\/div>","protected":false},"excerpt":{"rendered":"<p>El presente Aviso Legal regula las condiciones generales de acceso y utilizaci\u00f3n del sitio web accesible en la direcci\u00f3n URL https:\/\/psbgestion.es (en adelante, el sitio web), que PROFESSIONAL SERVICES BUREAU&hellip;<\/p>","protected":false},"author":1,"featured_media":0,"parent":0,"menu_order":0,"comment_status":"closed","ping_status":"closed","template":"","meta":{"footnotes":""},"class_list":["post-22916","page","type-page","status-publish","hentry"],"yoast_head":"<!-- This site is optimized with the Yoast SEO plugin v26.2 - https:\/\/yoast.com\/wordpress\/plugins\/seo\/ -->\n<title>Aviso legal - PSB<\/title>\n<meta name=\"robots\" content=\"noindex, follow\" \/>\n<meta property=\"og:locale\" content=\"en_GB\" \/>\n<meta property=\"og:type\" content=\"article\" \/>\n<meta property=\"og:title\" content=\"Aviso legal - PSB\" \/>\n<meta property=\"og:description\" content=\"El presente Aviso Legal regula las condiciones generales de acceso y utilizaci\u00f3n del sitio web accesible en la direcci\u00f3n URL https:\/\/psbgestion.es (en adelante, el sitio web), que PROFESSIONAL SERVICES BUREAU&hellip;\" \/>\n<meta property=\"og:url\" content=\"https:\/\/psbgestion.es\/en\/aviso-legal\/\" \/>\n<meta property=\"og:site_name\" content=\"PSB\" \/>\n<meta property=\"article:modified_time\" content=\"2024-02-22T12:21:44+00:00\" \/>\n<meta name=\"twitter:card\" content=\"summary_large_image\" \/>\n<meta name=\"twitter:label1\" content=\"Estimated reading time\" \/>\n\t<meta name=\"twitter:data1\" content=\"6 minutes\" \/>\n<script type=\"application\/ld+json\" class=\"yoast-schema-graph\">{\"@context\":\"https:\/\/schema.org\",\"@graph\":[{\"@type\":\"WebPage\",\"@id\":\"https:\/\/psbgestion.es\/aviso-legal\/\",\"url\":\"https:\/\/psbgestion.es\/aviso-legal\/\",\"name\":\"Aviso legal - PSB\",\"isPartOf\":{\"@id\":\"https:\/\/psbgestion.es\/#website\"},\"datePublished\":\"2023-12-21T10:00:40+00:00\",\"dateModified\":\"2024-02-22T12:21:44+00:00\",\"breadcrumb\":{\"@id\":\"https:\/\/psbgestion.es\/aviso-legal\/#breadcrumb\"},\"inLanguage\":\"en-GB\",\"potentialAction\":[{\"@type\":\"ReadAction\",\"target\":[\"https:\/\/psbgestion.es\/aviso-legal\/\"]}]},{\"@type\":\"BreadcrumbList\",\"@id\":\"https:\/\/psbgestion.es\/aviso-legal\/#breadcrumb\",\"itemListElement\":[{\"@type\":\"ListItem\",\"position\":1,\"name\":\"Portada\",\"item\":\"https:\/\/psbgestion.es\/\"},{\"@type\":\"ListItem\",\"position\":2,\"name\":\"Aviso legal\"}]},{\"@type\":\"WebSite\",\"@id\":\"https:\/\/psbgestion.es\/#website\",\"url\":\"https:\/\/psbgestion.es\/\",\"name\":\"PSB\",\"description\":\"Professional Services Bureau\",\"publisher\":{\"@id\":\"https:\/\/psbgestion.es\/#organization\"},\"potentialAction\":[{\"@type\":\"SearchAction\",\"target\":{\"@type\":\"EntryPoint\",\"urlTemplate\":\"https:\/\/psbgestion.es\/?s={search_term_string}\"},\"query-input\":{\"@type\":\"PropertyValueSpecification\",\"valueRequired\":true,\"valueName\":\"search_term_string\"}}],\"inLanguage\":\"en-GB\"},{\"@type\":\"Organization\",\"@id\":\"https:\/\/psbgestion.es\/#organization\",\"name\":\"PSB\",\"url\":\"https:\/\/psbgestion.es\/\",\"logo\":{\"@type\":\"ImageObject\",\"inLanguage\":\"en-GB\",\"@id\":\"https:\/\/psbgestion.es\/#\/schema\/logo\/image\/\",\"url\":\"https:\/\/psbgestion.es\/wp-content\/uploads\/2022\/02\/logo.png\",\"contentUrl\":\"https:\/\/psbgestion.es\/wp-content\/uploads\/2022\/02\/logo.png\",\"width\":422,\"height\":200,\"caption\":\"PSB\"},\"image\":{\"@id\":\"https:\/\/psbgestion.es\/#\/schema\/logo\/image\/\"}}]}<\/script>\n<!-- \/ Yoast SEO plugin. -->","yoast_head_json":{"title":"Aviso legal - PSB","robots":{"index":"noindex","follow":"follow"},"og_locale":"en_GB","og_type":"article","og_title":"Aviso legal - PSB","og_description":"El presente Aviso Legal regula las condiciones generales de acceso y utilizaci\u00f3n del sitio web accesible en la direcci\u00f3n URL https:\/\/psbgestion.es (en adelante, el sitio web), que PROFESSIONAL SERVICES BUREAU&hellip;","og_url":"https:\/\/psbgestion.es\/en\/aviso-legal\/","og_site_name":"PSB","article_modified_time":"2024-02-22T12:21:44+00:00","twitter_card":"summary_large_image","twitter_misc":{"Estimated reading time":"6 minutes"},"schema":{"@context":"https:\/\/schema.org","@graph":[{"@type":"WebPage","@id":"https:\/\/psbgestion.es\/aviso-legal\/","url":"https:\/\/psbgestion.es\/aviso-legal\/","name":"Aviso legal - PSB","isPartOf":{"@id":"https:\/\/psbgestion.es\/#website"},"datePublished":"2023-12-21T10:00:40+00:00","dateModified":"2024-02-22T12:21:44+00:00","breadcrumb":{"@id":"https:\/\/psbgestion.es\/aviso-legal\/#breadcrumb"},"inLanguage":"en-GB","potentialAction":[{"@type":"ReadAction","target":["https:\/\/psbgestion.es\/aviso-legal\/"]}]},{"@type":"BreadcrumbList","@id":"https:\/\/psbgestion.es\/aviso-legal\/#breadcrumb","itemListElement":[{"@type":"ListItem","position":1,"name":"Portada","item":"https:\/\/psbgestion.es\/"},{"@type":"ListItem","position":2,"name":"Aviso legal"}]},{"@type":"WebSite","@id":"https:\/\/psbgestion.es\/#website","url":"https:\/\/psbgestion.es\/","name":"PSB","description":"Professional Services Bureau","publisher":{"@id":"https:\/\/psbgestion.es\/#organization"},"potentialAction":[{"@type":"SearchAction","target":{"@type":"EntryPoint","urlTemplate":"https:\/\/psbgestion.es\/?s={search_term_string}"},"query-input":{"@type":"PropertyValueSpecification","valueRequired":true,"valueName":"search_term_string"}}],"inLanguage":"en-GB"},{"@type":"Organization","@id":"https:\/\/psbgestion.es\/#organization","name":"PSB","url":"https:\/\/psbgestion.es\/","logo":{"@type":"ImageObject","inLanguage":"en-GB","@id":"https:\/\/psbgestion.es\/#\/schema\/logo\/image\/","url":"https:\/\/psbgestion.es\/wp-content\/uploads\/2022\/02\/logo.png","contentUrl":"https:\/\/psbgestion.es\/wp-content\/uploads\/2022\/02\/logo.png","width":422,"height":200,"caption":"PSB"},"image":{"@id":"https:\/\/psbgestion.es\/#\/schema\/logo\/image\/"}}]}},"_links":{"self":[{"href":"https:\/\/psbgestion.es\/en\/wp-json\/wp\/v2\/pages\/22916","targetHints":{"allow":["GET"]}}],"collection":[{"href":"https:\/\/psbgestion.es\/en\/wp-json\/wp\/v2\/pages"}],"about":[{"href":"https:\/\/psbgestion.es\/en\/wp-json\/wp\/v2\/types\/page"}],"author":[{"embeddable":true,"href":"https:\/\/psbgestion.es\/en\/wp-json\/wp\/v2\/users\/1"}],"replies":[{"embeddable":true,"href":"https:\/\/psbgestion.es\/en\/wp-json\/wp\/v2\/comments?post=22916"}],"version-history":[{"count":10,"href":"https:\/\/psbgestion.es\/en\/wp-json\/wp\/v2\/pages\/22916\/revisions"}],"predecessor-version":[{"id":23024,"href":"https:\/\/psbgestion.es\/en\/wp-json\/wp\/v2\/pages\/22916\/revisions\/23024"}],"wp:attachment":[{"href":"https:\/\/psbgestion.es\/en\/wp-json\/wp\/v2\/media?parent=22916"}],"curies":[{"name":"wp","href":"https:\/\/api.w.org\/{rel}","templated":true}]}}