{"id":22924,"date":"2023-12-21T10:18:14","date_gmt":"2023-12-21T10:18:14","guid":{"rendered":"https:\/\/asesoria.informedia.com.es\/?page_id=22924"},"modified":"2023-12-21T10:20:44","modified_gmt":"2023-12-21T10:20:44","slug":"politica-de-privacidad","status":"publish","type":"page","link":"https:\/\/psbgestion.es\/en\/politica-de-privacidad\/","title":{"rendered":"Privacy policy"},"content":{"rendered":"<div data-elementor-type=\"wp-page\" data-elementor-id=\"22924\" class=\"elementor elementor-22924\">\n\t\t\t\t\t\t<section class=\"elementor-section elementor-top-section elementor-element elementor-element-5bc484de elementor-section-boxed elementor-section-height-default elementor-section-height-default sc_fly_static\" data-id=\"5bc484de\" data-element_type=\"section\">\n\t\t\t\t\t\t<div class=\"elementor-container elementor-column-gap-extended\">\n\t\t\t\t\t<div class=\"elementor-column elementor-col-100 elementor-top-column elementor-element elementor-element-5b9c1e33 sc_inner_width_none sc_content_align_inherit sc_layouts_column_icons_position_left sc_fly_static\" data-id=\"5b9c1e33\" data-element_type=\"column\">\n\t\t\t<div class=\"elementor-widget-wrap elementor-element-populated\">\n\t\t\t\t\t\t<div class=\"elementor-element elementor-element-7a3f5468 sc_height_huge sc_fly_static elementor-widget elementor-widget-spacer\" data-id=\"7a3f5468\" data-element_type=\"widget\" data-widget_type=\"spacer.default\">\n\t\t\t\t<div class=\"elementor-widget-container\">\n\t\t\t\t\t\t\t<div class=\"elementor-spacer\">\n\t\t\t<div class=\"elementor-spacer-inner\"><\/div>\n\t\t<\/div>\n\t\t\t\t\t\t<\/div>\n\t\t\t\t<\/div>\n\t\t\t\t\t<\/div>\n\t\t<\/div>\n\t\t\t\t\t<\/div>\n\t\t<\/section>\n\t\t\t\t<section class=\"elementor-section elementor-top-section elementor-element elementor-element-6df668ed elementor-section-boxed elementor-section-height-default elementor-section-height-default sc_fly_static\" data-id=\"6df668ed\" data-element_type=\"section\">\n\t\t\t\t\t\t<div class=\"elementor-container elementor-column-gap-extended\">\n\t\t\t\t\t<div class=\"elementor-column elementor-col-100 elementor-top-column elementor-element elementor-element-41211ece sc_inner_width_none sc_content_align_inherit sc_layouts_column_icons_position_left sc_fly_static\" data-id=\"41211ece\" data-element_type=\"column\">\n\t\t\t<div class=\"elementor-widget-wrap elementor-element-populated\">\n\t\t\t\t\t\t<div class=\"elementor-element elementor-element-267252f sc_fly_static elementor-widget elementor-widget-text-editor\" data-id=\"267252f\" data-element_type=\"widget\" data-widget_type=\"text-editor.default\">\n\t\t\t\t<div class=\"elementor-widget-container\">\n\t\t\t\t\t\t\t\t\t<p style=\"text-align: justify;\">En cumplimiento de lo establecido en la RGPD, le informamos que sus datos ser\u00e1n tratados en nuestros ficheros, con la finalidad del mantenimiento y cumplimiento de la relaci\u00f3n con nuestra entidad, incluyendo el env\u00edo de comunicaciones en el marco de la citada relaci\u00f3n.<\/p><p style=\"text-align: justify;\">As\u00ed mismo, sus datos ser\u00e1n cedidos en todos aquellos casos en que sea necesario para el desarrollo, cumplimiento y control de la relaci\u00f3n con nuestra entidad o en los supuestos en que lo autorice una norma con rango de ley. En cumplimiento de la RGPD puede ejercitar sus derechos ARCO ante <strong>PROFESSIONAL SERVICES BUREAU GEST. EMP. S.L.<\/strong>, con direcci\u00f3n en <strong>CABALLERO DE RODAS,35 A 1\u00ba, 03181 TORREVIEJA (ALICANTE)<\/strong>, adjuntando fotocopia de su DNI.<\/p><p style=\"text-align: justify;\">El contenido de esta comunicaci\u00f3n, as\u00ed como el de toda la documentaci\u00f3n anexa, est\u00e1 sujeta al deber de secreto y va dirigida \u00fanicamente a su destinatario. En el supuesto de que usted no fuera el destinatario, le solicitamos que nos lo indique y no comunique su contenido a terceros, procediendo a su destrucci\u00f3n.<\/p><p style=\"text-align: justify;\">El prestador de servicios de la sociedad de la informaci\u00f3n deber\u00e1 tener en cuenta que, adem\u00e1s de la informaci\u00f3n que facilite a los destinatarios del servicio a trav\u00e9s de su \u00abPol\u00edtica de Privacidad\u00bb, deber\u00e1 disponer de textos legales adicionales relativos a otras normativas de obligado cumplimiento, tales como, sin car\u00e1cter limitativo o excluyente, condiciones generales de la contrataci\u00f3n, propiedad intelectual e industrial, condiciones de utilizaci\u00f3n de la p\u00e1gina web y responsabilidades al respecto, o lo que la propia Ley 34\/2002, de 11 de julio, de Servicios de la Sociedad de la Informaci\u00f3n y de Comercio Electr\u00f3nico pueda establecer en cualesquiera otros preceptos al margen de su art\u00edculo 10 o incluso completar la informaci\u00f3n que, en relaci\u00f3n a \u00e9ste, fuese necesaria.<\/p>\t\t\t\t\t\t\t\t<\/div>\n\t\t\t\t<\/div>\n\t\t\t\t\t<\/div>\n\t\t<\/div>\n\t\t\t\t\t<\/div>\n\t\t<\/section>\n\t\t\t\t<section class=\"elementor-section elementor-top-section elementor-element elementor-element-4022c7ca elementor-section-boxed elementor-section-height-default elementor-section-height-default sc_fly_static\" data-id=\"4022c7ca\" data-element_type=\"section\">\n\t\t\t\t\t\t<div class=\"elementor-container elementor-column-gap-extended\">\n\t\t\t\t\t<div class=\"elementor-column elementor-col-100 elementor-top-column elementor-element elementor-element-2e7df9d8 sc_inner_width_none sc_content_align_inherit sc_layouts_column_icons_position_left sc_fly_static\" data-id=\"2e7df9d8\" data-element_type=\"column\">\n\t\t\t<div class=\"elementor-widget-wrap elementor-element-populated\">\n\t\t\t\t\t\t<div class=\"elementor-element elementor-element-4988599 sc_fly_static elementor-widget elementor-widget-spacer\" data-id=\"4988599\" data-element_type=\"widget\" data-widget_type=\"spacer.default\">\n\t\t\t\t<div class=\"elementor-widget-container\">\n\t\t\t\t\t\t\t<div class=\"elementor-spacer\">\n\t\t\t<div class=\"elementor-spacer-inner\"><\/div>\n\t\t<\/div>\n\t\t\t\t\t\t<\/div>\n\t\t\t\t<\/div>\n\t\t\t\t\t<\/div>\n\t\t<\/div>\n\t\t\t\t\t<\/div>\n\t\t<\/section>\n\t\t\t\t<\/div>","protected":false},"excerpt":{"rendered":"<p>En cumplimiento de lo establecido en la RGPD, le informamos que sus datos ser\u00e1n tratados en nuestros ficheros, con la finalidad del mantenimiento y cumplimiento de la relaci\u00f3n con nuestra&hellip;<\/p>","protected":false},"author":1,"featured_media":0,"parent":0,"menu_order":0,"comment_status":"closed","ping_status":"closed","template":"","meta":{"footnotes":""},"class_list":["post-22924","page","type-page","status-publish","hentry"],"yoast_head":"<!-- This site is optimized with the Yoast SEO plugin v26.2 - https:\/\/yoast.com\/wordpress\/plugins\/seo\/ -->\n<title>Pol\u00edtica de privacidad - PSB<\/title>\n<meta name=\"robots\" content=\"noindex, follow\" \/>\n<meta property=\"og:locale\" content=\"en_GB\" \/>\n<meta property=\"og:type\" content=\"article\" \/>\n<meta property=\"og:title\" content=\"Pol\u00edtica de privacidad - PSB\" \/>\n<meta property=\"og:description\" content=\"En cumplimiento de lo establecido en la RGPD, le informamos que sus datos ser\u00e1n tratados en nuestros ficheros, con la finalidad del mantenimiento y cumplimiento de la relaci\u00f3n con nuestra&hellip;\" \/>\n<meta property=\"og:url\" content=\"https:\/\/psbgestion.es\/en\/politica-de-privacidad\/\" \/>\n<meta property=\"og:site_name\" content=\"PSB\" \/>\n<meta property=\"article:modified_time\" content=\"2023-12-21T10:20:44+00:00\" \/>\n<meta name=\"twitter:card\" content=\"summary_large_image\" \/>\n<meta name=\"twitter:label1\" content=\"Estimated reading time\" \/>\n\t<meta name=\"twitter:data1\" content=\"2 minutes\" \/>\n<script type=\"application\/ld+json\" class=\"yoast-schema-graph\">{\"@context\":\"https:\/\/schema.org\",\"@graph\":[{\"@type\":\"WebPage\",\"@id\":\"https:\/\/psbgestion.es\/politica-de-privacidad\/\",\"url\":\"https:\/\/psbgestion.es\/politica-de-privacidad\/\",\"name\":\"Pol\u00edtica de privacidad - PSB\",\"isPartOf\":{\"@id\":\"https:\/\/psbgestion.es\/#website\"},\"datePublished\":\"2023-12-21T10:18:14+00:00\",\"dateModified\":\"2023-12-21T10:20:44+00:00\",\"breadcrumb\":{\"@id\":\"https:\/\/psbgestion.es\/politica-de-privacidad\/#breadcrumb\"},\"inLanguage\":\"en-GB\",\"potentialAction\":[{\"@type\":\"ReadAction\",\"target\":[\"https:\/\/psbgestion.es\/politica-de-privacidad\/\"]}]},{\"@type\":\"BreadcrumbList\",\"@id\":\"https:\/\/psbgestion.es\/politica-de-privacidad\/#breadcrumb\",\"itemListElement\":[{\"@type\":\"ListItem\",\"position\":1,\"name\":\"Portada\",\"item\":\"https:\/\/psbgestion.es\/\"},{\"@type\":\"ListItem\",\"position\":2,\"name\":\"Pol\u00edtica de privacidad\"}]},{\"@type\":\"WebSite\",\"@id\":\"https:\/\/psbgestion.es\/#website\",\"url\":\"https:\/\/psbgestion.es\/\",\"name\":\"PSB\",\"description\":\"Professional Services Bureau\",\"publisher\":{\"@id\":\"https:\/\/psbgestion.es\/#organization\"},\"potentialAction\":[{\"@type\":\"SearchAction\",\"target\":{\"@type\":\"EntryPoint\",\"urlTemplate\":\"https:\/\/psbgestion.es\/?s={search_term_string}\"},\"query-input\":{\"@type\":\"PropertyValueSpecification\",\"valueRequired\":true,\"valueName\":\"search_term_string\"}}],\"inLanguage\":\"en-GB\"},{\"@type\":\"Organization\",\"@id\":\"https:\/\/psbgestion.es\/#organization\",\"name\":\"PSB\",\"url\":\"https:\/\/psbgestion.es\/\",\"logo\":{\"@type\":\"ImageObject\",\"inLanguage\":\"en-GB\",\"@id\":\"https:\/\/psbgestion.es\/#\/schema\/logo\/image\/\",\"url\":\"https:\/\/psbgestion.es\/wp-content\/uploads\/2022\/02\/logo.png\",\"contentUrl\":\"https:\/\/psbgestion.es\/wp-content\/uploads\/2022\/02\/logo.png\",\"width\":422,\"height\":200,\"caption\":\"PSB\"},\"image\":{\"@id\":\"https:\/\/psbgestion.es\/#\/schema\/logo\/image\/\"}}]}<\/script>\n<!-- \/ Yoast SEO plugin. -->","yoast_head_json":{"title":"Pol\u00edtica de privacidad - PSB","robots":{"index":"noindex","follow":"follow"},"og_locale":"en_GB","og_type":"article","og_title":"Pol\u00edtica de privacidad - PSB","og_description":"En cumplimiento de lo establecido en la RGPD, le informamos que sus datos ser\u00e1n tratados en nuestros ficheros, con la finalidad del mantenimiento y cumplimiento de la relaci\u00f3n con nuestra&hellip;","og_url":"https:\/\/psbgestion.es\/en\/politica-de-privacidad\/","og_site_name":"PSB","article_modified_time":"2023-12-21T10:20:44+00:00","twitter_card":"summary_large_image","twitter_misc":{"Estimated reading time":"2 minutes"},"schema":{"@context":"https:\/\/schema.org","@graph":[{"@type":"WebPage","@id":"https:\/\/psbgestion.es\/politica-de-privacidad\/","url":"https:\/\/psbgestion.es\/politica-de-privacidad\/","name":"Pol\u00edtica de privacidad - PSB","isPartOf":{"@id":"https:\/\/psbgestion.es\/#website"},"datePublished":"2023-12-21T10:18:14+00:00","dateModified":"2023-12-21T10:20:44+00:00","breadcrumb":{"@id":"https:\/\/psbgestion.es\/politica-de-privacidad\/#breadcrumb"},"inLanguage":"en-GB","potentialAction":[{"@type":"ReadAction","target":["https:\/\/psbgestion.es\/politica-de-privacidad\/"]}]},{"@type":"BreadcrumbList","@id":"https:\/\/psbgestion.es\/politica-de-privacidad\/#breadcrumb","itemListElement":[{"@type":"ListItem","position":1,"name":"Portada","item":"https:\/\/psbgestion.es\/"},{"@type":"ListItem","position":2,"name":"Pol\u00edtica de privacidad"}]},{"@type":"WebSite","@id":"https:\/\/psbgestion.es\/#website","url":"https:\/\/psbgestion.es\/","name":"PSB","description":"Professional Services Bureau","publisher":{"@id":"https:\/\/psbgestion.es\/#organization"},"potentialAction":[{"@type":"SearchAction","target":{"@type":"EntryPoint","urlTemplate":"https:\/\/psbgestion.es\/?s={search_term_string}"},"query-input":{"@type":"PropertyValueSpecification","valueRequired":true,"valueName":"search_term_string"}}],"inLanguage":"en-GB"},{"@type":"Organization","@id":"https:\/\/psbgestion.es\/#organization","name":"PSB","url":"https:\/\/psbgestion.es\/","logo":{"@type":"ImageObject","inLanguage":"en-GB","@id":"https:\/\/psbgestion.es\/#\/schema\/logo\/image\/","url":"https:\/\/psbgestion.es\/wp-content\/uploads\/2022\/02\/logo.png","contentUrl":"https:\/\/psbgestion.es\/wp-content\/uploads\/2022\/02\/logo.png","width":422,"height":200,"caption":"PSB"},"image":{"@id":"https:\/\/psbgestion.es\/#\/schema\/logo\/image\/"}}]}},"_links":{"self":[{"href":"https:\/\/psbgestion.es\/en\/wp-json\/wp\/v2\/pages\/22924","targetHints":{"allow":["GET"]}}],"collection":[{"href":"https:\/\/psbgestion.es\/en\/wp-json\/wp\/v2\/pages"}],"about":[{"href":"https:\/\/psbgestion.es\/en\/wp-json\/wp\/v2\/types\/page"}],"author":[{"embeddable":true,"href":"https:\/\/psbgestion.es\/en\/wp-json\/wp\/v2\/users\/1"}],"replies":[{"embeddable":true,"href":"https:\/\/psbgestion.es\/en\/wp-json\/wp\/v2\/comments?post=22924"}],"version-history":[{"count":3,"href":"https:\/\/psbgestion.es\/en\/wp-json\/wp\/v2\/pages\/22924\/revisions"}],"predecessor-version":[{"id":22927,"href":"https:\/\/psbgestion.es\/en\/wp-json\/wp\/v2\/pages\/22924\/revisions\/22927"}],"wp:attachment":[{"href":"https:\/\/psbgestion.es\/en\/wp-json\/wp\/v2\/media?parent=22924"}],"curies":[{"name":"wp","href":"https:\/\/api.w.org\/{rel}","templated":true}]}}