{"id":22963,"date":"2024-01-24T15:43:55","date_gmt":"2024-01-24T15:43:55","guid":{"rendered":"https:\/\/psbgestion.es\/?page_id=22963"},"modified":"2024-01-24T15:51:30","modified_gmt":"2024-01-24T15:51:30","slug":"politica-de-cookies","status":"publish","type":"page","link":"https:\/\/psbgestion.es\/en\/politica-de-cookies\/","title":{"rendered":"Pol\u00edtica de Cookies"},"content":{"rendered":"<div data-elementor-type=\"wp-page\" data-elementor-id=\"22963\" class=\"elementor elementor-22963\">\n\t\t\t\t\t\t<section class=\"elementor-section elementor-top-section elementor-element elementor-element-24427b37 elementor-section-boxed elementor-section-height-default elementor-section-height-default sc_fly_static\" data-id=\"24427b37\" data-element_type=\"section\">\n\t\t\t\t\t\t<div class=\"elementor-container elementor-column-gap-extended\">\n\t\t\t\t\t<div class=\"elementor-column elementor-col-100 elementor-top-column elementor-element elementor-element-4803dfd5 sc_inner_width_none sc_content_align_inherit sc_layouts_column_icons_position_left sc_fly_static\" data-id=\"4803dfd5\" data-element_type=\"column\">\n\t\t\t<div class=\"elementor-widget-wrap elementor-element-populated\">\n\t\t\t\t\t\t<div class=\"elementor-element elementor-element-48dc4f7f sc_height_huge sc_fly_static elementor-widget elementor-widget-spacer\" data-id=\"48dc4f7f\" data-element_type=\"widget\" data-widget_type=\"spacer.default\">\n\t\t\t\t<div class=\"elementor-widget-container\">\n\t\t\t\t\t\t\t<div class=\"elementor-spacer\">\n\t\t\t<div class=\"elementor-spacer-inner\"><\/div>\n\t\t<\/div>\n\t\t\t\t\t\t<\/div>\n\t\t\t\t<\/div>\n\t\t\t\t\t<\/div>\n\t\t<\/div>\n\t\t\t\t\t<\/div>\n\t\t<\/section>\n\t\t\t\t<section class=\"elementor-section elementor-top-section elementor-element elementor-element-56487a43 elementor-section-boxed elementor-section-height-default elementor-section-height-default sc_fly_static\" data-id=\"56487a43\" data-element_type=\"section\">\n\t\t\t\t\t\t<div class=\"elementor-container elementor-column-gap-extended\">\n\t\t\t\t\t<div class=\"elementor-column elementor-col-100 elementor-top-column elementor-element elementor-element-524babee sc_inner_width_none sc_content_align_inherit sc_layouts_column_icons_position_left sc_fly_static\" data-id=\"524babee\" data-element_type=\"column\">\n\t\t\t<div class=\"elementor-widget-wrap elementor-element-populated\">\n\t\t\t\t\t\t<div class=\"elementor-element elementor-element-5251dd20 sc_fly_static elementor-widget elementor-widget-text-editor\" data-id=\"5251dd20\" data-element_type=\"widget\" data-widget_type=\"text-editor.default\">\n\t\t\t\t<div class=\"elementor-widget-container\">\n\t\t\t\t\t\t\t\t\t<p style=\"text-align: justify;\"><style>\n    a.cky-banner-element {<br \/>\n        padding: 8px 30px;<br \/>\n        background: #F8F9FA;<br \/>\n        color: #858A8F;<br \/>\n        border: 1px solid #DEE2E6;<br \/>\n        box-sizing: border-box;<br \/>\n        border-radius: 2px;<br \/>\n        cursor: pointer;<br \/>\n}<br \/>\n<\/style><\/p><p style=\"text-align: justify;\">\u00daltima actualizaci\u00f3n: 24 enero 2024<\/p><h5 style=\"text-align: justify;\">\u00bfQu\u00e9 son las cookies?<\/h5><div class=\"cookie-policy-p\" style=\"text-align: justify;\"><p>Esta Pol\u00edtica de Cookies explica qu\u00e9 son las cookies y c\u00f3mo las utilizamos, los tipos de cookies que utilizamos, es decir, la informaci\u00f3n que recopilamos mediante las cookies y c\u00f3mo se utiliza esa informaci\u00f3n, y c\u00f3mo gestionar la configuraci\u00f3n de las cookies.<\/p><p>Las cookies son peque\u00f1os archivos de texto que se utilizan para almacenar peque\u00f1as piezas de informaci\u00f3n. Se almacenan en su dispositivo cuando el sitio web se carga en su navegador. Estas cookies nos ayudan a que el sitio web funcione correctamente, a que sea m\u00e1s seguro, a ofrecer una mejor experiencia al usuario y a comprender c\u00f3mo funciona el sitio web y analizar qu\u00e9 funciona y qu\u00e9 aspectos deben mejorarse.<\/p><\/div><p style=\"text-align: justify;\">\u00a0<\/p><h5 style=\"text-align: justify;\">\u00bfC\u00f3mo utilizamos las cookies?<\/h5><div class=\"cookie-policy-p\" style=\"text-align: justify;\"><p>Como la mayor\u00eda de los servicios en l\u00ednea, nuestro sitio web utiliza cookies propias y de terceros para diversos fines. Las cookies de origen son en su mayor\u00eda necesarias para que el sitio web funcione correctamente y no recopilan ning\u00fan dato personal identificable.<\/p><p>Las cookies de terceros utilizadas en nuestro sitio web sirven principalmente para comprender c\u00f3mo funciona el sitio web, c\u00f3mo interact\u00faa usted con nuestro sitio web, mantener nuestros servicios seguros, proporcionar anuncios que sean relevantes para usted y, en definitiva, proporcionarle una experiencia de usuario mejor y m\u00e1s r\u00e1pida y ayudarle a agilizar sus futuras interacciones con nuestro sitio web.<\/p><\/div><p style=\"text-align: justify;\">\u00a0<\/p><h5 style=\"text-align: justify;\">Tipos de cookies que utilizamos<\/h5><div class=\"cky-audit-table-element\" style=\"text-align: justify;\">\u00a0<\/div><p style=\"text-align: justify;\">\u00a0<\/p><h5 style=\"margin-bottom: 20px; text-align: justify;\">Gestionar preferencias de cookies<\/h5><p style=\"text-align: justify;\"><a class=\"cky-banner-element\">Ajustes de las cookies<\/a> <\/p><div><p style=\"text-align: justify;\">Puede cambiar sus preferencias sobre cookies en cualquier momento haciendo clic en el bot\u00f3n anterior. Esto le permitir\u00e1 volver a visitar el banner de consentimiento de cookies y cambiar sus preferencias o retirar su consentimiento de inmediato.<\/p><p style=\"text-align: justify;\">Adem\u00e1s, los distintos navegadores ofrecen diferentes m\u00e9todos para bloquear y eliminar las cookies utilizadas por los sitios web. Puede cambiar la configuraci\u00f3n de su navegador para bloquear\/eliminar las cookies. A continuaci\u00f3n encontrar\u00e1 los enlaces a los documentos de ayuda sobre c\u00f3mo gestionar y eliminar las cookies de los principales navegadores web.<\/p><p style=\"text-align: justify;\">Chrome: <a href=\"https:\/\/support.google.com\/accounts\/answer\/32050\" target=\"_blank\" rel=\"noopener noreferrer\">https:\/\/support.google.com\/accounts\/answer\/32050<\/a><\/p><p style=\"text-align: justify;\">Safari: <a href=\"https:\/\/support.apple.com\/en-in\/guide\/safari\/sfri11471\/mac\" target=\"_blank\" rel=\"noopener noreferrer\">https:\/\/support.apple.com\/en-in\/guide\/safari\/sfri11471\/mac<\/a><\/p><p style=\"text-align: justify;\">Firefox: <a href=\"https:\/\/support.mozilla.org\/en-US\/kb\/clear-cookies-and-site-data-firefox?redirectslug=delete-cookies-remove-info-websites-stored&amp;redirectlocale=en-US\" target=\"_blank\" rel=\"noopener noreferrer\">https:\/\/support.mozilla.org\/en-US\/kb\/clear-cookies-and-site-data-firefox?redirectslug=delete-cookies-remove-info-websites-stored&amp;redirectlocale=en-US<\/a><\/p><p style=\"text-align: justify;\">Internet Explorer: <a href=\"https:\/\/support.microsoft.com\/en-us\/topic\/how-to-delete-cookie-files-in-internet-explorer-bca9446f-d873-78de-77ba-d42645fa52fc\" target=\"_blank\" rel=\"noopener noreferrer\">https:\/\/support.microsoft.com\/en-us\/topic\/how-to-delete-cookie-files-in-internet-explorer-bca9446f-d873-78de-77ba-d42645fa52fc<\/a><\/p><p style=\"text-align: justify;\">Si utiliza cualquier otro navegador, consulte la documentaci\u00f3n oficial de su navegador.<\/p><\/div>\t\t\t\t\t\t\t\t<\/div>\n\t\t\t\t<\/div>\n\t\t\t\t\t<\/div>\n\t\t<\/div>\n\t\t\t\t\t<\/div>\n\t\t<\/section>\n\t\t\t\t<section class=\"elementor-section elementor-top-section elementor-element elementor-element-548f1fb6 elementor-section-boxed elementor-section-height-default elementor-section-height-default sc_fly_static\" data-id=\"548f1fb6\" data-element_type=\"section\">\n\t\t\t\t\t\t<div class=\"elementor-container elementor-column-gap-extended\">\n\t\t\t\t\t<div class=\"elementor-column elementor-col-100 elementor-top-column elementor-element elementor-element-20f8ca31 sc_inner_width_none sc_content_align_inherit sc_layouts_column_icons_position_left sc_fly_static\" data-id=\"20f8ca31\" data-element_type=\"column\">\n\t\t\t<div class=\"elementor-widget-wrap elementor-element-populated\">\n\t\t\t\t\t\t<div class=\"elementor-element elementor-element-118da1aa sc_fly_static elementor-widget elementor-widget-spacer\" data-id=\"118da1aa\" data-element_type=\"widget\" data-widget_type=\"spacer.default\">\n\t\t\t\t<div class=\"elementor-widget-container\">\n\t\t\t\t\t\t\t<div class=\"elementor-spacer\">\n\t\t\t<div class=\"elementor-spacer-inner\"><\/div>\n\t\t<\/div>\n\t\t\t\t\t\t<\/div>\n\t\t\t\t<\/div>\n\t\t\t\t\t<\/div>\n\t\t<\/div>\n\t\t\t\t\t<\/div>\n\t\t<\/section>\n\t\t\t\t<\/div>","protected":false},"excerpt":{"rendered":"<p>\u00daltima actualizaci\u00f3n: 24 enero 2024 \u00bfQu\u00e9 son las cookies? Esta Pol\u00edtica de Cookies explica qu\u00e9 son las cookies y c\u00f3mo las utilizamos, los tipos de cookies que utilizamos, es decir,&hellip;<\/p>","protected":false},"author":1,"featured_media":0,"parent":0,"menu_order":0,"comment_status":"closed","ping_status":"closed","template":"","meta":{"footnotes":""},"class_list":["post-22963","page","type-page","status-publish","hentry"],"yoast_head":"<!-- This site is optimized with the Yoast SEO plugin v26.2 - https:\/\/yoast.com\/wordpress\/plugins\/seo\/ -->\n<title>Pol\u00edtica de Cookies - PSB<\/title>\n<meta name=\"robots\" content=\"noindex, follow\" \/>\n<meta property=\"og:locale\" content=\"en_GB\" \/>\n<meta property=\"og:type\" content=\"article\" \/>\n<meta property=\"og:title\" content=\"Pol\u00edtica de Cookies - PSB\" \/>\n<meta property=\"og:description\" content=\"\u00daltima actualizaci\u00f3n: 24 enero 2024 \u00bfQu\u00e9 son las cookies? Esta Pol\u00edtica de Cookies explica qu\u00e9 son las cookies y c\u00f3mo las utilizamos, los tipos de cookies que utilizamos, es decir,&hellip;\" \/>\n<meta property=\"og:url\" content=\"https:\/\/psbgestion.es\/en\/politica-de-cookies\/\" \/>\n<meta property=\"og:site_name\" content=\"PSB\" \/>\n<meta property=\"article:modified_time\" content=\"2024-01-24T15:51:30+00:00\" \/>\n<meta name=\"twitter:card\" content=\"summary_large_image\" \/>\n<meta name=\"twitter:label1\" content=\"Estimated reading time\" \/>\n\t<meta name=\"twitter:data1\" content=\"2 minutes\" \/>\n<script type=\"application\/ld+json\" class=\"yoast-schema-graph\">{\"@context\":\"https:\/\/schema.org\",\"@graph\":[{\"@type\":\"WebPage\",\"@id\":\"https:\/\/psbgestion.es\/politica-de-cookies\/\",\"url\":\"https:\/\/psbgestion.es\/politica-de-cookies\/\",\"name\":\"Pol\u00edtica de Cookies - PSB\",\"isPartOf\":{\"@id\":\"https:\/\/psbgestion.es\/#website\"},\"datePublished\":\"2024-01-24T15:43:55+00:00\",\"dateModified\":\"2024-01-24T15:51:30+00:00\",\"breadcrumb\":{\"@id\":\"https:\/\/psbgestion.es\/politica-de-cookies\/#breadcrumb\"},\"inLanguage\":\"en-GB\",\"potentialAction\":[{\"@type\":\"ReadAction\",\"target\":[\"https:\/\/psbgestion.es\/politica-de-cookies\/\"]}]},{\"@type\":\"BreadcrumbList\",\"@id\":\"https:\/\/psbgestion.es\/politica-de-cookies\/#breadcrumb\",\"itemListElement\":[{\"@type\":\"ListItem\",\"position\":1,\"name\":\"Portada\",\"item\":\"https:\/\/psbgestion.es\/\"},{\"@type\":\"ListItem\",\"position\":2,\"name\":\"Pol\u00edtica de Cookies\"}]},{\"@type\":\"WebSite\",\"@id\":\"https:\/\/psbgestion.es\/#website\",\"url\":\"https:\/\/psbgestion.es\/\",\"name\":\"PSB\",\"description\":\"Professional Services Bureau\",\"publisher\":{\"@id\":\"https:\/\/psbgestion.es\/#organization\"},\"potentialAction\":[{\"@type\":\"SearchAction\",\"target\":{\"@type\":\"EntryPoint\",\"urlTemplate\":\"https:\/\/psbgestion.es\/?s={search_term_string}\"},\"query-input\":{\"@type\":\"PropertyValueSpecification\",\"valueRequired\":true,\"valueName\":\"search_term_string\"}}],\"inLanguage\":\"en-GB\"},{\"@type\":\"Organization\",\"@id\":\"https:\/\/psbgestion.es\/#organization\",\"name\":\"PSB\",\"url\":\"https:\/\/psbgestion.es\/\",\"logo\":{\"@type\":\"ImageObject\",\"inLanguage\":\"en-GB\",\"@id\":\"https:\/\/psbgestion.es\/#\/schema\/logo\/image\/\",\"url\":\"https:\/\/psbgestion.es\/wp-content\/uploads\/2022\/02\/logo.png\",\"contentUrl\":\"https:\/\/psbgestion.es\/wp-content\/uploads\/2022\/02\/logo.png\",\"width\":422,\"height\":200,\"caption\":\"PSB\"},\"image\":{\"@id\":\"https:\/\/psbgestion.es\/#\/schema\/logo\/image\/\"}}]}<\/script>\n<!-- \/ Yoast SEO plugin. -->","yoast_head_json":{"title":"Pol\u00edtica de Cookies - PSB","robots":{"index":"noindex","follow":"follow"},"og_locale":"en_GB","og_type":"article","og_title":"Pol\u00edtica de Cookies - PSB","og_description":"\u00daltima actualizaci\u00f3n: 24 enero 2024 \u00bfQu\u00e9 son las cookies? Esta Pol\u00edtica de Cookies explica qu\u00e9 son las cookies y c\u00f3mo las utilizamos, los tipos de cookies que utilizamos, es decir,&hellip;","og_url":"https:\/\/psbgestion.es\/en\/politica-de-cookies\/","og_site_name":"PSB","article_modified_time":"2024-01-24T15:51:30+00:00","twitter_card":"summary_large_image","twitter_misc":{"Estimated reading time":"2 minutes"},"schema":{"@context":"https:\/\/schema.org","@graph":[{"@type":"WebPage","@id":"https:\/\/psbgestion.es\/politica-de-cookies\/","url":"https:\/\/psbgestion.es\/politica-de-cookies\/","name":"Pol\u00edtica de Cookies - PSB","isPartOf":{"@id":"https:\/\/psbgestion.es\/#website"},"datePublished":"2024-01-24T15:43:55+00:00","dateModified":"2024-01-24T15:51:30+00:00","breadcrumb":{"@id":"https:\/\/psbgestion.es\/politica-de-cookies\/#breadcrumb"},"inLanguage":"en-GB","potentialAction":[{"@type":"ReadAction","target":["https:\/\/psbgestion.es\/politica-de-cookies\/"]}]},{"@type":"BreadcrumbList","@id":"https:\/\/psbgestion.es\/politica-de-cookies\/#breadcrumb","itemListElement":[{"@type":"ListItem","position":1,"name":"Portada","item":"https:\/\/psbgestion.es\/"},{"@type":"ListItem","position":2,"name":"Pol\u00edtica de Cookies"}]},{"@type":"WebSite","@id":"https:\/\/psbgestion.es\/#website","url":"https:\/\/psbgestion.es\/","name":"PSB","description":"Professional Services Bureau","publisher":{"@id":"https:\/\/psbgestion.es\/#organization"},"potentialAction":[{"@type":"SearchAction","target":{"@type":"EntryPoint","urlTemplate":"https:\/\/psbgestion.es\/?s={search_term_string}"},"query-input":{"@type":"PropertyValueSpecification","valueRequired":true,"valueName":"search_term_string"}}],"inLanguage":"en-GB"},{"@type":"Organization","@id":"https:\/\/psbgestion.es\/#organization","name":"PSB","url":"https:\/\/psbgestion.es\/","logo":{"@type":"ImageObject","inLanguage":"en-GB","@id":"https:\/\/psbgestion.es\/#\/schema\/logo\/image\/","url":"https:\/\/psbgestion.es\/wp-content\/uploads\/2022\/02\/logo.png","contentUrl":"https:\/\/psbgestion.es\/wp-content\/uploads\/2022\/02\/logo.png","width":422,"height":200,"caption":"PSB"},"image":{"@id":"https:\/\/psbgestion.es\/#\/schema\/logo\/image\/"}}]}},"_links":{"self":[{"href":"https:\/\/psbgestion.es\/en\/wp-json\/wp\/v2\/pages\/22963","targetHints":{"allow":["GET"]}}],"collection":[{"href":"https:\/\/psbgestion.es\/en\/wp-json\/wp\/v2\/pages"}],"about":[{"href":"https:\/\/psbgestion.es\/en\/wp-json\/wp\/v2\/types\/page"}],"author":[{"embeddable":true,"href":"https:\/\/psbgestion.es\/en\/wp-json\/wp\/v2\/users\/1"}],"replies":[{"embeddable":true,"href":"https:\/\/psbgestion.es\/en\/wp-json\/wp\/v2\/comments?post=22963"}],"version-history":[{"count":8,"href":"https:\/\/psbgestion.es\/en\/wp-json\/wp\/v2\/pages\/22963\/revisions"}],"predecessor-version":[{"id":22971,"href":"https:\/\/psbgestion.es\/en\/wp-json\/wp\/v2\/pages\/22963\/revisions\/22971"}],"wp:attachment":[{"href":"https:\/\/psbgestion.es\/en\/wp-json\/wp\/v2\/media?parent=22963"}],"curies":[{"name":"wp","href":"https:\/\/api.w.org\/{rel}","templated":true}]}}